{"id":73,"date":"2019-11-25T23:18:03","date_gmt":"2019-11-25T22:18:03","guid":{"rendered":"http:\/\/wzalesiu.pl\/?page_id=73"},"modified":"2024-02-23T00:03:27","modified_gmt":"2024-02-22T23:03:27","slug":"spotkania-firmowe-mazury","status":"publish","type":"page","link":"https:\/\/wzalesiu.pl\/index.php\/ceny-i-warunki\/spotkania-firmowe-mazury\/","title":{"rendered":"Spotkania firmowe"},"content":{"rendered":"\n<p><strong>Domki z bali &#8211; Zalesie 7D<\/strong> to wyj\u0105tkowe miejsce na organizacj\u0119 firmowej imprezy integracyjnej na <strong>Mazurach<\/strong>. Serdecznie zapraszamy Go\u015bci Biznesowych do organizacji konferencji, szkole\u0144 oraz wyjazd\u00f3w integracyjnych. Nasze zaplecze sprosta oczekiwaniom nawet najbardziej wymagaj\u0105cych klient\u00f3w, a szeroka oferta us\u0142ug to gwarancja mi\u0142o i produktywnie sp\u0119dzonego czasu. <\/p>\n\n\n\n<p><a href=\"https:\/\/wzalesiu.pl\/index.php\/domki_na_impreze_integracyjna_mazury\/\">Poznaj szczeg\u00f3\u0142y organizacji firmowej imprezy integracyjnej.<\/a><\/p>\n\n\n\n<p>Nasz kompleks oferuje Go\u015bciom Biznesowym zakwaterowanie w klimatycznych i komfortowych domkach, gdzie odpoczn\u0105 i zrelaksuj\u0105 si\u0119 po podr\u00f3\u017cy. Zwie\u0144czeniem naszej oferty biznesowej jest mo\u017cliwo\u015b\u0107 skorzystania ze strefy relaksu, gdzie go\u015bcie mog\u0105 skorzysta\u0107 z seansu gor\u0105cej wodnej balii z hydromasa\u017cem oraz w prozdrowotnej saunie fi\u0144skiej z aromaterapi\u0105. <br>Wszyscy, kt\u00f3rzy uwielbiaj\u0105 aktywny wypoczynek, mog\u0105 skorzysta\u0107 z boiska do pi\u0142ki siatkowej pla\u017cowej, sp\u0142yw\u00f3w kajakowych, rowerk\u00f3w wodnych, wycieczek rowerowych, pieszych w\u0119dr\u00f3wek oraz sport\u00f3w wodnych. Wsp\u00f3lna aktywno\u015b\u0107 na \u015bwie\u017cym powietrzu to idealny spos\u00f3b na zintegrowanie zespo\u0142u. <br>Polecamy r\u00f3wnie\u017c organizacj\u0119 ogniska i wsp\u00f3lne pieczenie kie\u0142basek pod rozgwie\u017cd\u017conym niebem. W ofercie mamy r\u00f3wnie\u017c <a href=\"https:\/\/wzalesiu.pl\/index.php\/wypozyczalnia-lodzi-olsztyn-i-barczewo\/\">rejsy jachtem motorowym<\/a>.<br>Chcesz \u017ceby\u015bmy Ci\u0119 zaskoczyli? Napisz do nas.  <br>W naszych domkach zmie\u015bci si\u0119 60 os\u00f3b.<\/p>\n\n\n\n<p class=\"has-text-align-center\"><br><strong>Zapraszamy do wsp\u00f3\u0142pracy<\/strong><\/p>\n\n\n\n<p class=\"has-text-align-center\">Po szczeg\u00f3\u0142y zapraszamy pod nr telefonu 690 680 917<br><\/p>\n","protected":false},"excerpt":{"rendered":"<p>Domki z bali &#8211; Zalesie 7D to wyj\u0105tkowe miejsce na organizacj\u0119 firmowej imprezy integracyjnej na Mazurach. Serdecznie zapraszamy Go\u015bci Biznesowych do organizacji konferencji, szkole\u0144 oraz wyjazd\u00f3w integracyjnych. Nasze zaplecze sprosta oczekiwaniom nawet najbardziej wymagaj\u0105cych klient\u00f3w, &#8230;<\/p>\n","protected":false},"author":1,"featured_media":0,"parent":57,"menu_order":0,"comment_status":"closed","ping_status":"closed","template":"","meta":{"ngg_post_thumbnail":0,"footnotes":""},"class_list":["post-73","page","type-page","status-publish","hentry"],"yoast_head":"<!-- This site is optimized with the Yoast SEO plugin v27.3 - https:\/\/yoast.com\/product\/yoast-seo-wordpress\/ -->\n<title>Spotkania firmowe - Zalesie 7D<\/title>\n<meta name=\"description\" content=\"Nasz kompleks oferuje Go\u015bciom Biznesowym zakwaterowanie w klimatycznych i komfortowych domkach, gdzie odpoczn\u0105 i zrelaksuj\u0105 si\u0119 po podr\u00f3\u017cy. Zwie\u0144czeniem naszej oferty biznesowej jest mo\u017cliwo\u015b\u0107 skorzystania ze strefy relaksu, gdzie go\u015bcie mog\u0105 skorzysta\u0107 z seansu gor\u0105cej wodnej balii z hydromasa\u017cem oraz w prozdrowotnej saunie fi\u0144skiej z aromaterapi\u0105.\" \/>\n<meta name=\"robots\" content=\"index, follow, max-snippet:-1, max-image-preview:large, max-video-preview:-1\" \/>\n<link rel=\"canonical\" href=\"https:\/\/wzalesiu.pl\/index.php\/ceny-i-warunki\/spotkania-firmowe-mazury\/\" \/>\n<meta property=\"og:locale\" content=\"pl_PL\" \/>\n<meta property=\"og:type\" content=\"article\" \/>\n<meta property=\"og:title\" content=\"Spotkania firmowe - Zalesie 7D\" \/>\n<meta property=\"og:description\" content=\"Nasz kompleks oferuje Go\u015bciom Biznesowym zakwaterowanie w klimatycznych i komfortowych domkach, gdzie odpoczn\u0105 i zrelaksuj\u0105 si\u0119 po podr\u00f3\u017cy. Zwie\u0144czeniem naszej oferty biznesowej jest mo\u017cliwo\u015b\u0107 skorzystania ze strefy relaksu, gdzie go\u015bcie mog\u0105 skorzysta\u0107 z seansu gor\u0105cej wodnej balii z hydromasa\u017cem oraz w prozdrowotnej saunie fi\u0144skiej z aromaterapi\u0105.\" \/>\n<meta property=\"og:url\" content=\"https:\/\/wzalesiu.pl\/index.php\/ceny-i-warunki\/spotkania-firmowe-mazury\/\" \/>\n<meta property=\"og:site_name\" content=\"Zalesie 7D\" \/>\n<meta property=\"article:publisher\" content=\"https:\/\/www.facebook.com\/Domkiwzalesiu\/?locale=pl_PL\" \/>\n<meta property=\"article:modified_time\" content=\"2024-02-22T23:03:27+00:00\" \/>\n<meta property=\"og:image\" content=\"https:\/\/wzalesiu.pl\/wp-content\/uploads\/2025\/01\/Zalesie-58.jpg\" \/>\n\t<meta property=\"og:image:width\" content=\"2000\" \/>\n\t<meta property=\"og:image:height\" content=\"1124\" \/>\n\t<meta property=\"og:image:type\" content=\"image\/jpeg\" \/>\n<meta name=\"twitter:card\" content=\"summary_large_image\" \/>\n<meta name=\"twitter:label1\" content=\"Szacowany czas czytania\" \/>\n\t<meta name=\"twitter:data1\" content=\"2 minuty\" \/>\n<!-- \/ Yoast SEO plugin. -->","yoast_head_json":{"title":"Spotkania firmowe - Zalesie 7D","description":"Nasz kompleks oferuje Go\u015bciom Biznesowym zakwaterowanie w klimatycznych i komfortowych domkach, gdzie odpoczn\u0105 i zrelaksuj\u0105 si\u0119 po podr\u00f3\u017cy. Zwie\u0144czeniem naszej oferty biznesowej jest mo\u017cliwo\u015b\u0107 skorzystania ze strefy relaksu, gdzie go\u015bcie mog\u0105 skorzysta\u0107 z seansu gor\u0105cej wodnej balii z hydromasa\u017cem oraz w prozdrowotnej saunie fi\u0144skiej z aromaterapi\u0105.","robots":{"index":"index","follow":"follow","max-snippet":"max-snippet:-1","max-image-preview":"max-image-preview:large","max-video-preview":"max-video-preview:-1"},"canonical":"https:\/\/wzalesiu.pl\/index.php\/ceny-i-warunki\/spotkania-firmowe-mazury\/","og_locale":"pl_PL","og_type":"article","og_title":"Spotkania firmowe - Zalesie 7D","og_description":"Nasz kompleks oferuje Go\u015bciom Biznesowym zakwaterowanie w klimatycznych i komfortowych domkach, gdzie odpoczn\u0105 i zrelaksuj\u0105 si\u0119 po podr\u00f3\u017cy. Zwie\u0144czeniem naszej oferty biznesowej jest mo\u017cliwo\u015b\u0107 skorzystania ze strefy relaksu, gdzie go\u015bcie mog\u0105 skorzysta\u0107 z seansu gor\u0105cej wodnej balii z hydromasa\u017cem oraz w prozdrowotnej saunie fi\u0144skiej z aromaterapi\u0105.","og_url":"https:\/\/wzalesiu.pl\/index.php\/ceny-i-warunki\/spotkania-firmowe-mazury\/","og_site_name":"Zalesie 7D","article_publisher":"https:\/\/www.facebook.com\/Domkiwzalesiu\/?locale=pl_PL","article_modified_time":"2024-02-22T23:03:27+00:00","og_image":[{"width":2000,"height":1124,"url":"https:\/\/wzalesiu.pl\/wp-content\/uploads\/2025\/01\/Zalesie-58.jpg","type":"image\/jpeg"}],"twitter_card":"summary_large_image","twitter_misc":{"Szacowany czas czytania":"2 minuty"},"schema":{"@context":"https:\/\/schema.org","@graph":[{"@type":"WebPage","@id":"https:\/\/wzalesiu.pl\/index.php\/ceny-i-warunki\/spotkania-firmowe-mazury\/","url":"https:\/\/wzalesiu.pl\/index.php\/ceny-i-warunki\/spotkania-firmowe-mazury\/","name":"Spotkania firmowe - Zalesie 7D","isPartOf":{"@id":"https:\/\/wzalesiu.pl\/#website"},"datePublished":"2019-11-25T22:18:03+00:00","dateModified":"2024-02-22T23:03:27+00:00","description":"Nasz kompleks oferuje Go\u015bciom Biznesowym zakwaterowanie w klimatycznych i komfortowych domkach, gdzie odpoczn\u0105 i zrelaksuj\u0105 si\u0119 po podr\u00f3\u017cy. Zwie\u0144czeniem naszej oferty biznesowej jest mo\u017cliwo\u015b\u0107 skorzystania ze strefy relaksu, gdzie go\u015bcie mog\u0105 skorzysta\u0107 z seansu gor\u0105cej wodnej balii z hydromasa\u017cem oraz w prozdrowotnej saunie fi\u0144skiej z aromaterapi\u0105.","breadcrumb":{"@id":"https:\/\/wzalesiu.pl\/index.php\/ceny-i-warunki\/spotkania-firmowe-mazury\/#breadcrumb"},"inLanguage":"pl-PL","potentialAction":[{"@type":"ReadAction","target":["https:\/\/wzalesiu.pl\/index.php\/ceny-i-warunki\/spotkania-firmowe-mazury\/"]}]},{"@type":"BreadcrumbList","@id":"https:\/\/wzalesiu.pl\/index.php\/ceny-i-warunki\/spotkania-firmowe-mazury\/#breadcrumb","itemListElement":[{"@type":"ListItem","position":1,"name":"Strona g\u0142\u00f3wna","item":"https:\/\/wzalesiu.pl\/"},{"@type":"ListItem","position":2,"name":"Ceny i warunki","item":"https:\/\/wzalesiu.pl\/index.php\/ceny-i-warunki\/"},{"@type":"ListItem","position":3,"name":"Spotkania firmowe"}]},{"@type":"WebSite","@id":"https:\/\/wzalesiu.pl\/#website","url":"https:\/\/wzalesiu.pl\/","name":"Domki nad jeziorem - Zalesie 7D","description":"Domki nad jeziorem z w\u0142asn\u0105 lini\u0105 brzegow\u0105 i jacuzzi","publisher":{"@id":"https:\/\/wzalesiu.pl\/#organization"},"potentialAction":[{"@type":"SearchAction","target":{"@type":"EntryPoint","urlTemplate":"https:\/\/wzalesiu.pl\/?s={search_term_string}"},"query-input":{"@type":"PropertyValueSpecification","valueRequired":true,"valueName":"search_term_string"}}],"inLanguage":"pl-PL"},{"@type":"Organization","@id":"https:\/\/wzalesiu.pl\/#organization","name":"Domki nad Jeziorem - Zalesie 7D","url":"https:\/\/wzalesiu.pl\/","logo":{"@type":"ImageObject","inLanguage":"pl-PL","@id":"https:\/\/wzalesiu.pl\/#\/schema\/logo\/image\/","url":"https:\/\/wzalesiu.pl\/wp-content\/uploads\/2020\/03\/cropped-Logo-wzalesiu_stronka.png","contentUrl":"https:\/\/wzalesiu.pl\/wp-content\/uploads\/2020\/03\/cropped-Logo-wzalesiu_stronka.png","width":161,"height":161,"caption":"Domki nad Jeziorem - Zalesie 7D"},"image":{"@id":"https:\/\/wzalesiu.pl\/#\/schema\/logo\/image\/"},"sameAs":["https:\/\/www.facebook.com\/Domkiwzalesiu\/?locale=pl_PL"]}]}},"_links":{"self":[{"href":"https:\/\/wzalesiu.pl\/index.php\/wp-json\/wp\/v2\/pages\/73","targetHints":{"allow":["GET"]}}],"collection":[{"href":"https:\/\/wzalesiu.pl\/index.php\/wp-json\/wp\/v2\/pages"}],"about":[{"href":"https:\/\/wzalesiu.pl\/index.php\/wp-json\/wp\/v2\/types\/page"}],"author":[{"embeddable":true,"href":"https:\/\/wzalesiu.pl\/index.php\/wp-json\/wp\/v2\/users\/1"}],"replies":[{"embeddable":true,"href":"https:\/\/wzalesiu.pl\/index.php\/wp-json\/wp\/v2\/comments?post=73"}],"version-history":[{"count":13,"href":"https:\/\/wzalesiu.pl\/index.php\/wp-json\/wp\/v2\/pages\/73\/revisions"}],"predecessor-version":[{"id":4440,"href":"https:\/\/wzalesiu.pl\/index.php\/wp-json\/wp\/v2\/pages\/73\/revisions\/4440"}],"up":[{"embeddable":true,"href":"https:\/\/wzalesiu.pl\/index.php\/wp-json\/wp\/v2\/pages\/57"}],"wp:attachment":[{"href":"https:\/\/wzalesiu.pl\/index.php\/wp-json\/wp\/v2\/media?parent=73"}],"curies":[{"name":"wp","href":"https:\/\/api.w.org\/{rel}","templated":true}]}}