{"id":59,"date":"2019-11-25T23:07:08","date_gmt":"2019-11-25T22:07:08","guid":{"rendered":"http:\/\/wzalesiu.pl\/?page_id=59"},"modified":"2024-04-05T17:42:14","modified_gmt":"2024-04-05T15:42:14","slug":"jak-trafic-na-mazury-warmie","status":"publish","type":"page","link":"https:\/\/wzalesiu.pl\/index.php\/jak-trafic-na-mazury-warmie\/","title":{"rendered":"Kontakt i dojazd"},"content":{"rendered":"\n<p class=\"has-medium-font-size\"><strong>ZALESIE 7D &#8211; DOMKI Z BALA <\/strong><br>Zalesie 7D, 11-010 Barczewo<br>GPS: 53.824797, 20.732203<\/p>\n\n\n\n<p><\/p>\n\n\n\n<p>Pawe\u0142 +48 690 680 917 <br>domki@wzalesiu.pl<\/p>\n\n\n\n<p>Wystarczy&nbsp;15 minut jazdy autem z&nbsp;Olsztyna, oko\u0142o&nbsp;2&nbsp;do&nbsp;2,5&nbsp;godziny z&nbsp;Warszawy&nbsp;lub&nbsp;Tr\u00f3jmiasta, aby znale\u017a\u0107 si\u0119 w&nbsp;tym wyj\u0105tkowym miejscu. Mo\u017cna r\u00f3wnie\u017c wybra\u0107&nbsp;komfortowe po\u0142\u0105czenie kolejowe&nbsp;lub skorzysta\u0107 z&nbsp;portu lotniczego Olsztyn-Mazury w&nbsp;Szymanach.&nbsp; <\/p>\n\n\n\n<p>W\u0142a\u015bcielem wZalesiu.pl jest Ric sp. z o.o.  z siedzib\u0105 w Che\u0142mie : NIP 5632437490<\/p>\n\n\n\n<p><\/p>\n\n\n\n<figure><iframe data-src=\"https:\/\/www.google.com\/maps\/embed?pb=!1m18!1m12!1m3!1d2014.6609293620756!2d20.731445600806904!3d53.824409875718366!2m3!1f0!2f0!3f0!3m2!1i1024!2i768!4f13.1!3m3!1m2!1s0x0%3A0x0!2zNTPCsDQ5JzI3LjkiTiAyMMKwNDMnNTcuOSJF!5e1!3m2!1spl!2spl!4v1574844533233!5m2!1spl!2spl\" width=\"600\" height=\"450\" allowfullscreen=\"\" src=\"data:image\/svg+xml;base64,PHN2ZyB3aWR0aD0iMSIgaGVpZ2h0PSIxIiB4bWxucz0iaHR0cDovL3d3dy53My5vcmcvMjAwMC9zdmciPjwvc3ZnPg==\" class=\"lazyload\" data-load-mode=\"1\"><\/iframe><\/figure>\n\n\n\n<p class=\"has-text-align-center has-very-dark-gray-color has-text-color has-medium-font-size\"> Media spo\u0142eczno\u015bciowe<br>        <a href=\"https:\/\/www.instagram.com\/domkiwzalesiu7d\/\"><img decoding=\"async\" width=\"30\" height=\"30\" class=\"wp-image-540 lazyload\" style=\"--smush-placeholder-width: 30px; --smush-placeholder-aspect-ratio: 30\/30;width: 30px;\" data-src=\"http:\/\/wzalesiu.pl\/wp-content\/uploads\/2020\/03\/insta.png\" alt=\"\" data-srcset=\"https:\/\/wzalesiu.pl\/wp-content\/uploads\/2020\/03\/insta.png 512w, https:\/\/wzalesiu.pl\/wp-content\/uploads\/2020\/03\/insta-300x300.png 300w, https:\/\/wzalesiu.pl\/wp-content\/uploads\/2020\/03\/insta-150x150.png 150w, https:\/\/wzalesiu.pl\/wp-content\/uploads\/2020\/03\/insta-100x100.png 100w\" data-sizes=\"(max-width: 30px) 100vw, 30px\" src=\"data:image\/svg+xml;base64,PHN2ZyB3aWR0aD0iMSIgaGVpZ2h0PSIxIiB4bWxucz0iaHR0cDovL3d3dy53My5vcmcvMjAwMC9zdmciPjwvc3ZnPg==\" \/><\/a>      <a href=\"https:\/\/www.facebook.com\/Domkiwzalesiu\/\"><img decoding=\"async\" width=\"30\" height=\"30\" class=\"wp-image-541 lazyload\" style=\"--smush-placeholder-width: 30px; --smush-placeholder-aspect-ratio: 30\/30;width: 30px;\" data-src=\"http:\/\/wzalesiu.pl\/wp-content\/uploads\/2020\/03\/fb.png\" alt=\"\" data-srcset=\"https:\/\/wzalesiu.pl\/wp-content\/uploads\/2020\/03\/fb.png 1024w, https:\/\/wzalesiu.pl\/wp-content\/uploads\/2020\/03\/fb-300x300.png 300w, https:\/\/wzalesiu.pl\/wp-content\/uploads\/2020\/03\/fb-150x150.png 150w, https:\/\/wzalesiu.pl\/wp-content\/uploads\/2020\/03\/fb-768x768.png 768w, https:\/\/wzalesiu.pl\/wp-content\/uploads\/2020\/03\/fb-100x100.png 100w\" data-sizes=\"(max-width: 30px) 100vw, 30px\" src=\"data:image\/svg+xml;base64,PHN2ZyB3aWR0aD0iMSIgaGVpZ2h0PSIxIiB4bWxucz0iaHR0cDovL3d3dy53My5vcmcvMjAwMC9zdmciPjwvc3ZnPg==\" \/><\/a><\/p>\n","protected":false},"excerpt":{"rendered":"<p>ZALESIE 7D &#8211; DOMKI Z BALA Zalesie 7D, 11-010 BarczewoGPS: 53.824797, 20.732203 Pawe\u0142 +48 690 680 917 domki@wzalesiu.pl Wystarczy&nbsp;15 minut jazdy autem z&nbsp;Olsztyna, oko\u0142o&nbsp;2&nbsp;do&nbsp;2,5&nbsp;godziny z&nbsp;Warszawy&nbsp;lub&nbsp;Tr\u00f3jmiasta, aby znale\u017a\u0107 si\u0119 w&nbsp;tym wyj\u0105tkowym miejscu. Mo\u017cna r\u00f3wnie\u017c wybra\u0107&nbsp;komfortowe po\u0142\u0105czenie &#8230;<\/p>\n","protected":false},"author":1,"featured_media":0,"parent":0,"menu_order":0,"comment_status":"closed","ping_status":"closed","template":"","meta":{"ngg_post_thumbnail":0,"footnotes":""},"class_list":["post-59","page","type-page","status-publish","hentry"],"yoast_head":"<!-- This site is optimized with the Yoast SEO plugin v27.3 - https:\/\/yoast.com\/product\/yoast-seo-wordpress\/ -->\n<title>Kontakt i dojazd - Zalesie 7D<\/title>\n<meta name=\"robots\" content=\"index, follow, max-snippet:-1, max-image-preview:large, max-video-preview:-1\" \/>\n<link rel=\"canonical\" href=\"https:\/\/wzalesiu.pl\/index.php\/jak-trafic-na-mazury-warmie\/\" \/>\n<meta property=\"og:locale\" content=\"pl_PL\" \/>\n<meta property=\"og:type\" content=\"article\" \/>\n<meta property=\"og:title\" content=\"Kontakt i dojazd - Zalesie 7D\" \/>\n<meta property=\"og:description\" content=\"ZALESIE 7D &#8211; DOMKI Z BALA Zalesie 7D, 11-010 BarczewoGPS: 53.824797, 20.732203 Pawe\u0142 +48 690 680 917 domki@wzalesiu.pl Wystarczy&nbsp;15 minut jazdy autem z&nbsp;Olsztyna, oko\u0142o&nbsp;2&nbsp;do&nbsp;2,5&nbsp;godziny z&nbsp;Warszawy&nbsp;lub&nbsp;Tr\u00f3jmiasta, aby znale\u017a\u0107 si\u0119 w&nbsp;tym wyj\u0105tkowym miejscu. Mo\u017cna r\u00f3wnie\u017c wybra\u0107&nbsp;komfortowe po\u0142\u0105czenie ...\" \/>\n<meta property=\"og:url\" content=\"https:\/\/wzalesiu.pl\/index.php\/jak-trafic-na-mazury-warmie\/\" \/>\n<meta property=\"og:site_name\" content=\"Zalesie 7D\" \/>\n<meta property=\"article:publisher\" content=\"https:\/\/www.facebook.com\/Domkiwzalesiu\/?locale=pl_PL\" \/>\n<meta property=\"article:modified_time\" content=\"2024-04-05T15:42:14+00:00\" \/>\n<meta property=\"og:image\" content=\"http:\/\/wzalesiu.pl\/wp-content\/uploads\/2020\/03\/insta.png\" \/>\n<meta name=\"twitter:card\" content=\"summary_large_image\" \/>\n<meta name=\"twitter:label1\" content=\"Szacowany czas czytania\" \/>\n\t<meta name=\"twitter:data1\" content=\"1 minuta\" \/>\n<!-- \/ Yoast SEO plugin. -->","yoast_head_json":{"title":"Kontakt i dojazd - Zalesie 7D","robots":{"index":"index","follow":"follow","max-snippet":"max-snippet:-1","max-image-preview":"max-image-preview:large","max-video-preview":"max-video-preview:-1"},"canonical":"https:\/\/wzalesiu.pl\/index.php\/jak-trafic-na-mazury-warmie\/","og_locale":"pl_PL","og_type":"article","og_title":"Kontakt i dojazd - Zalesie 7D","og_description":"ZALESIE 7D &#8211; DOMKI Z BALA Zalesie 7D, 11-010 BarczewoGPS: 53.824797, 20.732203 Pawe\u0142 +48 690 680 917 domki@wzalesiu.pl Wystarczy&nbsp;15 minut jazdy autem z&nbsp;Olsztyna, oko\u0142o&nbsp;2&nbsp;do&nbsp;2,5&nbsp;godziny z&nbsp;Warszawy&nbsp;lub&nbsp;Tr\u00f3jmiasta, aby znale\u017a\u0107 si\u0119 w&nbsp;tym wyj\u0105tkowym miejscu. Mo\u017cna r\u00f3wnie\u017c wybra\u0107&nbsp;komfortowe po\u0142\u0105czenie ...","og_url":"https:\/\/wzalesiu.pl\/index.php\/jak-trafic-na-mazury-warmie\/","og_site_name":"Zalesie 7D","article_publisher":"https:\/\/www.facebook.com\/Domkiwzalesiu\/?locale=pl_PL","article_modified_time":"2024-04-05T15:42:14+00:00","og_image":[{"url":"http:\/\/wzalesiu.pl\/wp-content\/uploads\/2020\/03\/insta.png","type":"","width":"","height":""}],"twitter_card":"summary_large_image","twitter_misc":{"Szacowany czas czytania":"1 minuta"},"schema":{"@context":"https:\/\/schema.org","@graph":[{"@type":"WebPage","@id":"https:\/\/wzalesiu.pl\/index.php\/jak-trafic-na-mazury-warmie\/","url":"https:\/\/wzalesiu.pl\/index.php\/jak-trafic-na-mazury-warmie\/","name":"Kontakt i dojazd - Zalesie 7D","isPartOf":{"@id":"https:\/\/wzalesiu.pl\/#website"},"primaryImageOfPage":{"@id":"https:\/\/wzalesiu.pl\/index.php\/jak-trafic-na-mazury-warmie\/#primaryimage"},"image":{"@id":"https:\/\/wzalesiu.pl\/index.php\/jak-trafic-na-mazury-warmie\/#primaryimage"},"thumbnailUrl":"http:\/\/wzalesiu.pl\/wp-content\/uploads\/2020\/03\/insta.png","datePublished":"2019-11-25T22:07:08+00:00","dateModified":"2024-04-05T15:42:14+00:00","breadcrumb":{"@id":"https:\/\/wzalesiu.pl\/index.php\/jak-trafic-na-mazury-warmie\/#breadcrumb"},"inLanguage":"pl-PL","potentialAction":[{"@type":"ReadAction","target":["https:\/\/wzalesiu.pl\/index.php\/jak-trafic-na-mazury-warmie\/"]}]},{"@type":"ImageObject","inLanguage":"pl-PL","@id":"https:\/\/wzalesiu.pl\/index.php\/jak-trafic-na-mazury-warmie\/#primaryimage","url":"https:\/\/wzalesiu.pl\/wp-content\/uploads\/2020\/03\/insta.png","contentUrl":"https:\/\/wzalesiu.pl\/wp-content\/uploads\/2020\/03\/insta.png","width":512,"height":512},{"@type":"BreadcrumbList","@id":"https:\/\/wzalesiu.pl\/index.php\/jak-trafic-na-mazury-warmie\/#breadcrumb","itemListElement":[{"@type":"ListItem","position":1,"name":"Strona g\u0142\u00f3wna","item":"https:\/\/wzalesiu.pl\/"},{"@type":"ListItem","position":2,"name":"Kontakt i dojazd"}]},{"@type":"WebSite","@id":"https:\/\/wzalesiu.pl\/#website","url":"https:\/\/wzalesiu.pl\/","name":"Domki nad jeziorem - Zalesie 7D","description":"Domki nad jeziorem z w\u0142asn\u0105 lini\u0105 brzegow\u0105 i jacuzzi","publisher":{"@id":"https:\/\/wzalesiu.pl\/#organization"},"potentialAction":[{"@type":"SearchAction","target":{"@type":"EntryPoint","urlTemplate":"https:\/\/wzalesiu.pl\/?s={search_term_string}"},"query-input":{"@type":"PropertyValueSpecification","valueRequired":true,"valueName":"search_term_string"}}],"inLanguage":"pl-PL"},{"@type":"Organization","@id":"https:\/\/wzalesiu.pl\/#organization","name":"Domki nad Jeziorem - Zalesie 7D","url":"https:\/\/wzalesiu.pl\/","logo":{"@type":"ImageObject","inLanguage":"pl-PL","@id":"https:\/\/wzalesiu.pl\/#\/schema\/logo\/image\/","url":"https:\/\/wzalesiu.pl\/wp-content\/uploads\/2020\/03\/cropped-Logo-wzalesiu_stronka.png","contentUrl":"https:\/\/wzalesiu.pl\/wp-content\/uploads\/2020\/03\/cropped-Logo-wzalesiu_stronka.png","width":161,"height":161,"caption":"Domki nad Jeziorem - Zalesie 7D"},"image":{"@id":"https:\/\/wzalesiu.pl\/#\/schema\/logo\/image\/"},"sameAs":["https:\/\/www.facebook.com\/Domkiwzalesiu\/?locale=pl_PL"]}]}},"_links":{"self":[{"href":"https:\/\/wzalesiu.pl\/index.php\/wp-json\/wp\/v2\/pages\/59","targetHints":{"allow":["GET"]}}],"collection":[{"href":"https:\/\/wzalesiu.pl\/index.php\/wp-json\/wp\/v2\/pages"}],"about":[{"href":"https:\/\/wzalesiu.pl\/index.php\/wp-json\/wp\/v2\/types\/page"}],"author":[{"embeddable":true,"href":"https:\/\/wzalesiu.pl\/index.php\/wp-json\/wp\/v2\/users\/1"}],"replies":[{"embeddable":true,"href":"https:\/\/wzalesiu.pl\/index.php\/wp-json\/wp\/v2\/comments?post=59"}],"version-history":[{"count":19,"href":"https:\/\/wzalesiu.pl\/index.php\/wp-json\/wp\/v2\/pages\/59\/revisions"}],"predecessor-version":[{"id":4532,"href":"https:\/\/wzalesiu.pl\/index.php\/wp-json\/wp\/v2\/pages\/59\/revisions\/4532"}],"wp:attachment":[{"href":"https:\/\/wzalesiu.pl\/index.php\/wp-json\/wp\/v2\/media?parent=59"}],"curies":[{"name":"wp","href":"https:\/\/api.w.org\/{rel}","templated":true}]}}