{"id":55,"date":"2019-11-25T23:05:16","date_gmt":"2019-11-25T22:05:16","guid":{"rendered":"http:\/\/wzalesiu.pl\/?page_id=55"},"modified":"2022-06-09T13:00:29","modified_gmt":"2022-06-09T11:00:29","slug":"okolica-zalesie-barczewo","status":"publish","type":"page","link":"https:\/\/wzalesiu.pl\/index.php\/atrakcje-na-mazurach-zalesie\/okolica-zalesie-barczewo\/","title":{"rendered":"Okolica"},"content":{"rendered":"\n<p>Zalet\u0105 naszych <a href=\"https:\/\/wzalesiu.pl\/index.php\/domki-na-mazurach-z-bala\/\">domk\u00f3w z bali nad jeziorem na Mazurach<\/a> jest ich lokalizacja. Domki po\u0142o\u017cone s\u0105 na wzniesieniu nad samym jeziorem Orzyc, po\u015br\u00f3d \u0142\u0105k i p\u00f3l w bliskim s\u0105siedztwie lasu. To, \u017ce podczas spaceru spotkasz zaj\u0105ca, sarn\u0119, \u017curawia czy bociana mo\u017cesz traktowa\u0107 jako pewnik.<br>W nie du\u017cej odleg\u0142o\u015bci znajduje si\u0119 jezioro Kier\u017ali\u0144skie, Jezioro Pisz oraz Jezioro Kiermas.<\/p>\n\n\n\nngg_shortcode_0_placeholder\n\n\n\n<h2 class=\"wp-block-heading\" style=\"font-size:30px\"><strong>Pla\u017ca miejska<\/strong><\/h2>\n\n\n\n<p>W odleg\u0142o\u015bci 100 m od o\u015brodka znajduje si\u0119 pla\u017ca miejska ze strze\u017conym k\u0105pieliskiem, si\u0142owni\u0105 zewn\u0119trzn\u0105 oraz sto\u0142em do gry w ping ponga. K\u0105pielisko otoczone jest drewnianym molo.<\/p>\n\n\n\nngg_shortcode_1_placeholder\n\n\n\n<h2 class=\"wp-block-heading\"><strong>Spacerem po lesie i lokalnych \u015bcie\u017ckach<\/strong><\/h2>\n\n\n\nngg_shortcode_2_placeholder\n\n\n\n<h2 class=\"wp-block-heading\"><strong>Plac zabaw w Barczewie<\/strong><\/h2>\n\n\n\n<p>W sercu miasta Barczewo ulokowane jest miejsce zabaw dla najm\u0142odszych. To tu maluchy mog\u0105 spo\u017cytkowa\u0107 swoj\u0105 energi\u0119 na wspania\u0142\u0105 zabaw\u0119 a rodzice odpocz\u0105\u0107 w\u015br\u00f3d zieleni przy kubku aromatycznej kawy. Tutaj pociechy i doro\u015bli si\u0119 nie nudz\u0105 korzystaj\u0105c z si\u0142owni zewn\u0119trznej, trampolin, zje\u017cd\u017calni, \u015bcianki wspinaczkowej, tyrolki i wielu innych atrakcji. Plac zabaw jest o\u015bwietlony, co pozwala na ca\u0142odzienn\u0105 aktywno\u015b\u0107 ruchow\u0105. W bliskiej odleg\u0142o\u015bci znajduje si\u0119 star\u00f3wka stolicy Warmii. <\/p>\n\n\n\nngg_shortcode_3_placeholder\n\n\n\n<p>Je\u017celi dysponujesz wi\u0119ksz\u0105 ilo\u015bci\u0105 czasu i masz ochot\u0119 na zwiedzanie zapraszamy do sprawdzenia, jakie atrakcje oferuje turystom <a href=\"https:\/\/wzalesiu.pl\/index.php\/atrakcje-na-mazurach-zalesie\/atrakcje-turystyczne-barczewa-olsztyna\/\" data-type=\"page\" data-id=\"2555\">Warmia, Barczewo i Olsztyn<\/a>.<\/p>\n","protected":false},"excerpt":{"rendered":"<p>Zalet\u0105 naszych domk\u00f3w z bali nad jeziorem na Mazurach jest ich lokalizacja. Domki po\u0142o\u017cone s\u0105 na wzniesieniu nad samym jeziorem Orzyc, po\u015br\u00f3d \u0142\u0105k i p\u00f3l w bliskim s\u0105siedztwie lasu. To, \u017ce podczas spaceru spotkasz zaj\u0105ca, &#8230;<\/p>\n","protected":false},"author":1,"featured_media":0,"parent":53,"menu_order":0,"comment_status":"closed","ping_status":"closed","template":"","meta":{"ngg_post_thumbnail":0,"footnotes":""},"class_list":["post-55","page","type-page","status-publish","hentry"],"yoast_head":"<!-- This site is optimized with the Yoast SEO plugin v27.4 - https:\/\/yoast.com\/product\/yoast-seo-wordpress\/ -->\n<title>Okolica - Zalesie 7D<\/title>\n<meta name=\"robots\" content=\"index, follow, max-snippet:-1, max-image-preview:large, max-video-preview:-1\" \/>\n<link rel=\"canonical\" href=\"https:\/\/wzalesiu.pl\/index.php\/atrakcje-na-mazurach-zalesie\/okolica-zalesie-barczewo\/\" \/>\n<meta property=\"og:locale\" content=\"pl_PL\" \/>\n<meta property=\"og:type\" content=\"article\" \/>\n<meta property=\"og:title\" content=\"Okolica - Zalesie 7D\" \/>\n<meta property=\"og:description\" content=\"Zalet\u0105 naszych domk\u00f3w z bali nad jeziorem na Mazurach jest ich lokalizacja. Domki po\u0142o\u017cone s\u0105 na wzniesieniu nad samym jeziorem Orzyc, po\u015br\u00f3d \u0142\u0105k i p\u00f3l w bliskim s\u0105siedztwie lasu. To, \u017ce podczas spaceru spotkasz zaj\u0105ca, ...\" \/>\n<meta property=\"og:url\" content=\"https:\/\/wzalesiu.pl\/index.php\/atrakcje-na-mazurach-zalesie\/okolica-zalesie-barczewo\/\" \/>\n<meta property=\"og:site_name\" content=\"Zalesie 7D\" \/>\n<meta property=\"article:publisher\" content=\"https:\/\/www.facebook.com\/Domkiwzalesiu\/?locale=pl_PL\" \/>\n<meta property=\"article:modified_time\" content=\"2022-06-09T11:00:29+00:00\" \/>\n<meta property=\"og:image\" content=\"https:\/\/wzalesiu.pl\/wp-content\/uploads\/2025\/01\/Zalesie-58.jpg\" \/>\n\t<meta property=\"og:image:width\" content=\"2000\" \/>\n\t<meta property=\"og:image:height\" content=\"1124\" \/>\n\t<meta property=\"og:image:type\" content=\"image\/jpeg\" \/>\n<meta name=\"twitter:card\" content=\"summary_large_image\" \/>\n<meta name=\"twitter:label1\" content=\"Szacowany czas czytania\" \/>\n\t<meta name=\"twitter:data1\" content=\"1 minuta\" \/>\n<!-- \/ Yoast SEO plugin. -->","yoast_head_json":{"title":"Okolica - Zalesie 7D","robots":{"index":"index","follow":"follow","max-snippet":"max-snippet:-1","max-image-preview":"max-image-preview:large","max-video-preview":"max-video-preview:-1"},"canonical":"https:\/\/wzalesiu.pl\/index.php\/atrakcje-na-mazurach-zalesie\/okolica-zalesie-barczewo\/","og_locale":"pl_PL","og_type":"article","og_title":"Okolica - Zalesie 7D","og_description":"Zalet\u0105 naszych domk\u00f3w z bali nad jeziorem na Mazurach jest ich lokalizacja. Domki po\u0142o\u017cone s\u0105 na wzniesieniu nad samym jeziorem Orzyc, po\u015br\u00f3d \u0142\u0105k i p\u00f3l w bliskim s\u0105siedztwie lasu. To, \u017ce podczas spaceru spotkasz zaj\u0105ca, ...","og_url":"https:\/\/wzalesiu.pl\/index.php\/atrakcje-na-mazurach-zalesie\/okolica-zalesie-barczewo\/","og_site_name":"Zalesie 7D","article_publisher":"https:\/\/www.facebook.com\/Domkiwzalesiu\/?locale=pl_PL","article_modified_time":"2022-06-09T11:00:29+00:00","og_image":[{"width":2000,"height":1124,"url":"https:\/\/wzalesiu.pl\/wp-content\/uploads\/2025\/01\/Zalesie-58.jpg","type":"image\/jpeg"}],"twitter_card":"summary_large_image","twitter_misc":{"Szacowany czas czytania":"1 minuta"},"schema":{"@context":"https:\/\/schema.org","@graph":[{"@type":"WebPage","@id":"https:\/\/wzalesiu.pl\/index.php\/atrakcje-na-mazurach-zalesie\/okolica-zalesie-barczewo\/","url":"https:\/\/wzalesiu.pl\/index.php\/atrakcje-na-mazurach-zalesie\/okolica-zalesie-barczewo\/","name":"Okolica - Zalesie 7D","isPartOf":{"@id":"https:\/\/wzalesiu.pl\/#website"},"datePublished":"2019-11-25T22:05:16+00:00","dateModified":"2022-06-09T11:00:29+00:00","breadcrumb":{"@id":"https:\/\/wzalesiu.pl\/index.php\/atrakcje-na-mazurach-zalesie\/okolica-zalesie-barczewo\/#breadcrumb"},"inLanguage":"pl-PL","potentialAction":[{"@type":"ReadAction","target":["https:\/\/wzalesiu.pl\/index.php\/atrakcje-na-mazurach-zalesie\/okolica-zalesie-barczewo\/"]}]},{"@type":"BreadcrumbList","@id":"https:\/\/wzalesiu.pl\/index.php\/atrakcje-na-mazurach-zalesie\/okolica-zalesie-barczewo\/#breadcrumb","itemListElement":[{"@type":"ListItem","position":1,"name":"Strona g\u0142\u00f3wna","item":"https:\/\/wzalesiu.pl\/"},{"@type":"ListItem","position":2,"name":"Atrakcje","item":"https:\/\/wzalesiu.pl\/index.php\/atrakcje-na-mazurach-zalesie\/"},{"@type":"ListItem","position":3,"name":"Okolica"}]},{"@type":"WebSite","@id":"https:\/\/wzalesiu.pl\/#website","url":"https:\/\/wzalesiu.pl\/","name":"Domki nad jeziorem - Zalesie 7D","description":"Domki nad jeziorem z w\u0142asn\u0105 lini\u0105 brzegow\u0105 i jacuzzi","publisher":{"@id":"https:\/\/wzalesiu.pl\/#organization"},"potentialAction":[{"@type":"SearchAction","target":{"@type":"EntryPoint","urlTemplate":"https:\/\/wzalesiu.pl\/?s={search_term_string}"},"query-input":{"@type":"PropertyValueSpecification","valueRequired":true,"valueName":"search_term_string"}}],"inLanguage":"pl-PL"},{"@type":"Organization","@id":"https:\/\/wzalesiu.pl\/#organization","name":"Domki nad Jeziorem - Zalesie 7D","url":"https:\/\/wzalesiu.pl\/","logo":{"@type":"ImageObject","inLanguage":"pl-PL","@id":"https:\/\/wzalesiu.pl\/#\/schema\/logo\/image\/","url":"https:\/\/wzalesiu.pl\/wp-content\/uploads\/2020\/03\/cropped-Logo-wzalesiu_stronka.png","contentUrl":"https:\/\/wzalesiu.pl\/wp-content\/uploads\/2020\/03\/cropped-Logo-wzalesiu_stronka.png","width":161,"height":161,"caption":"Domki nad Jeziorem - Zalesie 7D"},"image":{"@id":"https:\/\/wzalesiu.pl\/#\/schema\/logo\/image\/"},"sameAs":["https:\/\/www.facebook.com\/Domkiwzalesiu\/?locale=pl_PL"]}]}},"_links":{"self":[{"href":"https:\/\/wzalesiu.pl\/index.php\/wp-json\/wp\/v2\/pages\/55","targetHints":{"allow":["GET"]}}],"collection":[{"href":"https:\/\/wzalesiu.pl\/index.php\/wp-json\/wp\/v2\/pages"}],"about":[{"href":"https:\/\/wzalesiu.pl\/index.php\/wp-json\/wp\/v2\/types\/page"}],"author":[{"embeddable":true,"href":"https:\/\/wzalesiu.pl\/index.php\/wp-json\/wp\/v2\/users\/1"}],"replies":[{"embeddable":true,"href":"https:\/\/wzalesiu.pl\/index.php\/wp-json\/wp\/v2\/comments?post=55"}],"version-history":[{"count":33,"href":"https:\/\/wzalesiu.pl\/index.php\/wp-json\/wp\/v2\/pages\/55\/revisions"}],"predecessor-version":[{"id":2840,"href":"https:\/\/wzalesiu.pl\/index.php\/wp-json\/wp\/v2\/pages\/55\/revisions\/2840"}],"up":[{"embeddable":true,"href":"https:\/\/wzalesiu.pl\/index.php\/wp-json\/wp\/v2\/pages\/53"}],"wp:attachment":[{"href":"https:\/\/wzalesiu.pl\/index.php\/wp-json\/wp\/v2\/media?parent=55"}],"curies":[{"name":"wp","href":"https:\/\/api.w.org\/{rel}","templated":true}]}}