{"id":481,"date":"2020-02-25T13:09:48","date_gmt":"2020-02-25T12:09:48","guid":{"rendered":"http:\/\/wzalesiu.pl\/?page_id=481"},"modified":"2023-07-25T16:28:55","modified_gmt":"2023-07-25T14:28:55","slug":"wynajmij-domek-mazury","status":"publish","type":"page","link":"https:\/\/wzalesiu.pl\/index.php\/wynajmij-domek-mazury\/","title":{"rendered":"System rezerwacji"},"content":{"rendered":"\n<p>Pami\u0119taj, \u017ce rezerwuj\u0105c domki akceptujesz regulamin dost\u0119pny pod adresem <a href=\"https:\/\/wzalesiu.pl\/index.php\/regulamin\/\">https:\/\/wzalesiu.pl\/index.php\/regulamin\/<\/a><\/p>\n\n\n\n<p><\/p>\n\n\n<p><script src=\"https:\/\/client9310.idosell.com\/widget\/script\/loadScriptsForOwnPage?1611578028\"><\/script><br \/>\n<iframe data-src=\"https:\/\/engine9310.idobooking.com\/widget\/booking\/defaultchoice\/currency\/0\/language\/0&amp;transparentbackground=1\" style=\"border:none; max-width:100%; width:100%;height:640px;\" src=\"data:image\/svg+xml;base64,PHN2ZyB3aWR0aD0iMSIgaGVpZ2h0PSIxIiB4bWxucz0iaHR0cDovL3d3dy53My5vcmcvMjAwMC9zdmciPjwvc3ZnPg==\" class=\"lazyload\" data-load-mode=\"1\"><\/iframe><\/p>\n\n\n\n<p class=\"has-vivid-red-color has-text-color\"><strong>Je\u017celi interesuj\u0105ce Ciebie terminy zosta\u0142y wyprzedane w Zalesiu zapraszamy na stron\u0119 naszego nowego o\u015brodka po\u0142o\u017conego nad Jeziorem \u0141awki. <a href=\"https:\/\/przystanjeziorany.pl\/\">Szczeg\u00f3\u0142y na przystanjeziorany.pl<\/a><\/strong><\/p>\n","protected":false},"excerpt":{"rendered":"<p>Pami\u0119taj, \u017ce rezerwuj\u0105c domki akceptujesz regulamin dost\u0119pny pod adresem https:\/\/wzalesiu.pl\/index.php\/regulamin\/ Je\u017celi interesuj\u0105ce Ciebie terminy zosta\u0142y wyprzedane w Zalesiu zapraszamy na stron\u0119 naszego nowego o\u015brodka po\u0142o\u017conego nad Jeziorem \u0141awki. Szczeg\u00f3\u0142y na przystanjeziorany.pl<\/p>\n","protected":false},"author":1,"featured_media":0,"parent":0,"menu_order":0,"comment_status":"closed","ping_status":"closed","template":"template\/page-fullwidth.php","meta":{"ngg_post_thumbnail":0,"footnotes":""},"class_list":["post-481","page","type-page","status-publish","hentry"],"yoast_head":"<!-- This site is optimized with the Yoast SEO plugin v27.4 - https:\/\/yoast.com\/product\/yoast-seo-wordpress\/ -->\n<title>System rezerwacji - Zalesie 7D<\/title>\n<meta name=\"robots\" content=\"index, follow, max-snippet:-1, max-image-preview:large, max-video-preview:-1\" \/>\n<link rel=\"canonical\" href=\"https:\/\/wzalesiu.pl\/index.php\/wynajmij-domek-mazury\/\" \/>\n<meta property=\"og:locale\" content=\"pl_PL\" \/>\n<meta property=\"og:type\" content=\"article\" \/>\n<meta property=\"og:title\" content=\"System rezerwacji - Zalesie 7D\" \/>\n<meta property=\"og:description\" content=\"Pami\u0119taj, \u017ce rezerwuj\u0105c domki akceptujesz regulamin dost\u0119pny pod adresem https:\/\/wzalesiu.pl\/index.php\/regulamin\/ Je\u017celi interesuj\u0105ce Ciebie terminy zosta\u0142y wyprzedane w Zalesiu zapraszamy na stron\u0119 naszego nowego o\u015brodka po\u0142o\u017conego nad Jeziorem \u0141awki. Szczeg\u00f3\u0142y na przystanjeziorany.pl\" \/>\n<meta property=\"og:url\" content=\"https:\/\/wzalesiu.pl\/index.php\/wynajmij-domek-mazury\/\" \/>\n<meta property=\"og:site_name\" content=\"Zalesie 7D\" \/>\n<meta property=\"article:publisher\" content=\"https:\/\/www.facebook.com\/Domkiwzalesiu\/?locale=pl_PL\" \/>\n<meta property=\"article:modified_time\" content=\"2023-07-25T14:28:55+00:00\" \/>\n<meta property=\"og:image\" content=\"https:\/\/wzalesiu.pl\/wp-content\/uploads\/2025\/01\/Zalesie-58.jpg\" \/>\n\t<meta property=\"og:image:width\" content=\"2000\" \/>\n\t<meta property=\"og:image:height\" content=\"1124\" \/>\n\t<meta property=\"og:image:type\" content=\"image\/jpeg\" \/>\n<meta name=\"twitter:card\" content=\"summary_large_image\" \/>\n<meta name=\"twitter:label1\" content=\"Szacowany czas czytania\" \/>\n\t<meta name=\"twitter:data1\" content=\"1 minuta\" \/>\n<!-- \/ Yoast SEO plugin. -->","yoast_head_json":{"title":"System rezerwacji - Zalesie 7D","robots":{"index":"index","follow":"follow","max-snippet":"max-snippet:-1","max-image-preview":"max-image-preview:large","max-video-preview":"max-video-preview:-1"},"canonical":"https:\/\/wzalesiu.pl\/index.php\/wynajmij-domek-mazury\/","og_locale":"pl_PL","og_type":"article","og_title":"System rezerwacji - Zalesie 7D","og_description":"Pami\u0119taj, \u017ce rezerwuj\u0105c domki akceptujesz regulamin dost\u0119pny pod adresem https:\/\/wzalesiu.pl\/index.php\/regulamin\/ Je\u017celi interesuj\u0105ce Ciebie terminy zosta\u0142y wyprzedane w Zalesiu zapraszamy na stron\u0119 naszego nowego o\u015brodka po\u0142o\u017conego nad Jeziorem \u0141awki. Szczeg\u00f3\u0142y na przystanjeziorany.pl","og_url":"https:\/\/wzalesiu.pl\/index.php\/wynajmij-domek-mazury\/","og_site_name":"Zalesie 7D","article_publisher":"https:\/\/www.facebook.com\/Domkiwzalesiu\/?locale=pl_PL","article_modified_time":"2023-07-25T14:28:55+00:00","og_image":[{"width":2000,"height":1124,"url":"https:\/\/wzalesiu.pl\/wp-content\/uploads\/2025\/01\/Zalesie-58.jpg","type":"image\/jpeg"}],"twitter_card":"summary_large_image","twitter_misc":{"Szacowany czas czytania":"1 minuta"},"schema":{"@context":"https:\/\/schema.org","@graph":[{"@type":"WebPage","@id":"https:\/\/wzalesiu.pl\/index.php\/wynajmij-domek-mazury\/","url":"https:\/\/wzalesiu.pl\/index.php\/wynajmij-domek-mazury\/","name":"System rezerwacji - Zalesie 7D","isPartOf":{"@id":"https:\/\/wzalesiu.pl\/#website"},"datePublished":"2020-02-25T12:09:48+00:00","dateModified":"2023-07-25T14:28:55+00:00","breadcrumb":{"@id":"https:\/\/wzalesiu.pl\/index.php\/wynajmij-domek-mazury\/#breadcrumb"},"inLanguage":"pl-PL","potentialAction":[{"@type":"ReadAction","target":["https:\/\/wzalesiu.pl\/index.php\/wynajmij-domek-mazury\/"]}]},{"@type":"BreadcrumbList","@id":"https:\/\/wzalesiu.pl\/index.php\/wynajmij-domek-mazury\/#breadcrumb","itemListElement":[{"@type":"ListItem","position":1,"name":"Strona g\u0142\u00f3wna","item":"https:\/\/wzalesiu.pl\/"},{"@type":"ListItem","position":2,"name":"System rezerwacji"}]},{"@type":"WebSite","@id":"https:\/\/wzalesiu.pl\/#website","url":"https:\/\/wzalesiu.pl\/","name":"Domki nad jeziorem - Zalesie 7D","description":"Domki nad jeziorem z w\u0142asn\u0105 lini\u0105 brzegow\u0105 i jacuzzi","publisher":{"@id":"https:\/\/wzalesiu.pl\/#organization"},"potentialAction":[{"@type":"SearchAction","target":{"@type":"EntryPoint","urlTemplate":"https:\/\/wzalesiu.pl\/?s={search_term_string}"},"query-input":{"@type":"PropertyValueSpecification","valueRequired":true,"valueName":"search_term_string"}}],"inLanguage":"pl-PL"},{"@type":"Organization","@id":"https:\/\/wzalesiu.pl\/#organization","name":"Domki nad Jeziorem - Zalesie 7D","url":"https:\/\/wzalesiu.pl\/","logo":{"@type":"ImageObject","inLanguage":"pl-PL","@id":"https:\/\/wzalesiu.pl\/#\/schema\/logo\/image\/","url":"https:\/\/wzalesiu.pl\/wp-content\/uploads\/2020\/03\/cropped-Logo-wzalesiu_stronka.png","contentUrl":"https:\/\/wzalesiu.pl\/wp-content\/uploads\/2020\/03\/cropped-Logo-wzalesiu_stronka.png","width":161,"height":161,"caption":"Domki nad Jeziorem - Zalesie 7D"},"image":{"@id":"https:\/\/wzalesiu.pl\/#\/schema\/logo\/image\/"},"sameAs":["https:\/\/www.facebook.com\/Domkiwzalesiu\/?locale=pl_PL"]}]}},"_links":{"self":[{"href":"https:\/\/wzalesiu.pl\/index.php\/wp-json\/wp\/v2\/pages\/481","targetHints":{"allow":["GET"]}}],"collection":[{"href":"https:\/\/wzalesiu.pl\/index.php\/wp-json\/wp\/v2\/pages"}],"about":[{"href":"https:\/\/wzalesiu.pl\/index.php\/wp-json\/wp\/v2\/types\/page"}],"author":[{"embeddable":true,"href":"https:\/\/wzalesiu.pl\/index.php\/wp-json\/wp\/v2\/users\/1"}],"replies":[{"embeddable":true,"href":"https:\/\/wzalesiu.pl\/index.php\/wp-json\/wp\/v2\/comments?post=481"}],"version-history":[{"count":19,"href":"https:\/\/wzalesiu.pl\/index.php\/wp-json\/wp\/v2\/pages\/481\/revisions"}],"predecessor-version":[{"id":3893,"href":"https:\/\/wzalesiu.pl\/index.php\/wp-json\/wp\/v2\/pages\/481\/revisions\/3893"}],"wp:attachment":[{"href":"https:\/\/wzalesiu.pl\/index.php\/wp-json\/wp\/v2\/media?parent=481"}],"curies":[{"name":"wp","href":"https:\/\/api.w.org\/{rel}","templated":true}]}}