{"id":3047,"date":"2022-10-26T14:43:13","date_gmt":"2022-10-26T12:43:13","guid":{"rendered":"https:\/\/wzalesiu.pl\/?page_id=3047"},"modified":"2023-02-28T14:09:14","modified_gmt":"2023-02-28T13:09:14","slug":"kinder-party-urodziny-w-domku-nad-jeziorem","status":"publish","type":"page","link":"https:\/\/wzalesiu.pl\/index.php\/ceny-i-warunki\/kinder-party-urodziny-w-domku-nad-jeziorem\/","title":{"rendered":"Kinder Party \/ urodziny Twojego Dziecka w domku nad jeziorem"},"content":{"rendered":"\n<figure class=\"wp-block-image size-large is-resized\"><img decoding=\"async\" data-src=\"https:\/\/wzalesiu.pl\/wp-content\/uploads\/2022\/11\/IMG-20191018-WA0030-1024x768.jpg\" alt=\"\" class=\"wp-image-3119 lazyload\" width=\"528\" height=\"396\" data-srcset=\"https:\/\/wzalesiu.pl\/wp-content\/uploads\/2022\/11\/IMG-20191018-WA0030-1024x768.jpg 1024w, https:\/\/wzalesiu.pl\/wp-content\/uploads\/2022\/11\/IMG-20191018-WA0030-300x225.jpg 300w, https:\/\/wzalesiu.pl\/wp-content\/uploads\/2022\/11\/IMG-20191018-WA0030-768x576.jpg 768w, https:\/\/wzalesiu.pl\/wp-content\/uploads\/2022\/11\/IMG-20191018-WA0030-1536x1153.jpg 1536w\" data-sizes=\"(max-width: 528px) 100vw, 528px\" src=\"data:image\/svg+xml;base64,PHN2ZyB3aWR0aD0iMSIgaGVpZ2h0PSIxIiB4bWxucz0iaHR0cDovL3d3dy53My5vcmcvMjAwMC9zdmciPjwvc3ZnPg==\" style=\"--smush-placeholder-width: 528px; --smush-placeholder-aspect-ratio: 528\/396;\" \/><\/figure>\n\n\n\n<p><br>Cena za dob\u0119 &#8211; 900pln\/domek\/10os.<br>Cena za dob\u0119 bez noclegu &#8211; 800pln\/domek\/10os.<br>PROMOCJA 1+1 (1doba + 1doba GRATIS!) &#8211; 900pln\/domek\/10os.<br>Rezerwacja terminu tylko przez maila: domki@wzalesiu. pl<\/p>\n\n\n\n<p>Nie masz pomys\u0142u na pierwsze urodziny swojego dziecka lub Kinder Party? <br>Mamy dla Ciebie niepowtarzaln\u0105 propozycj\u0119 wynajmu domku z bali (10-os.) nad jeziorem oraz kameralnego drewnianego domku tu\u017c przy pla\u017cy, domek dla rodziny (2+2). Dysponujemy czterema domkami z bali, kt\u00f3re \u0142\u0105cznie pomieszcz\u0105 40 os\u00f3b oraz ma\u0142ym 4-osobowym domkiem. Organizacja imprezy nad jeziorem w otoczeniu las\u00f3w sprawi, \u017ce dzieci i doro\u015bli poczuj\u0105 si\u0119 swobodnie i odpoczn\u0105 od zgie\u0142ku miasta. Warmi\u0144ska przyroda, czyste powietrze i udana zabawa gwarantowana!   <br><br>Podpowiadamy jakie pomys\u0142y na zabawy mieli nasi poprzedni Go\u015bcie:<br>&#8211; podchody \u2013 zawsze si\u0119 sprawdzaj\u0105, dzieci je uwielbiaj\u0105,<br>&#8211; rywalizacja sportowa &#8211; dzieciaki to wulkany energii. Mo\u017cemy zorganizowa\u0107 kilka konkurencji sportowych tj. wy\u015bcig od pacho\u0142ka do pacho\u0142ka z jajkiem na \u0142y\u017cce, woreczkiem na g\u0142owie, skacz\u0105c w worku, czy z zawi\u0105zanymi oczami \u2013 to mo\u017ce dostarczy\u0107 dozna\u0144 a w dodatku wszystko na \u015bwie\u017cym powietrzu,<br>&#8211; jednym z punkt\u00f3w zabawy mo\u017ce by\u0107 rozbijanie piniaty,<br>&#8211; malowanie twarzy &#8211; je\u015bli mamy cho\u0107 odrobin\u0119 talentu, to mo\u017cemy buzie pociech zamieni\u0107 w pyszczki kot\u00f3w, ps\u00f3w i innych zwierz\u0105t,<br>&#8211; kalambury lub quizy &#8211; mo\u017cna zadawa\u0107 dzieciakom r\u00f3\u017cne pytania i zadania, a za ka\u017cde poprawnie rozwi\u0105zane przyznawa\u0107 punkty. Dla ka\u017cdego uczestnika mo\u017ce by\u0107 przygotowany upominek, a dla zwyci\u0119zcy \u2013 nagroda, w postaci drobiazgu \u2013 ma\u0142a zabawka lub s\u0142odycz,<br>&#8211; wsp\u00f3lne pieczenie kie\u0142basek przy ognisku,<br>&#8211; sp\u0142yw kajakowy &#8211; mamy w ofercie kilka tras o r\u00f3\u017cnym stopniu trudno\u015bci, zalet\u0105 sp\u0142ywu jest start z naszej prywatnej pla\u017cy.<\/p>\n\n\n\n<p>Na Kinder Party nie mo\u017ce zabrakn\u0105\u0107 balon\u00f3w, serpentyn czy girland. A dekoracja sto\u0142u lub domku zale\u017cy ju\u017c tylko od wyobra\u017ani mamy \ud83d\ude42 Ty decydujesz jak b\u0119dzie wygl\u0105da\u0142 domek gotowy na przybycie Go\u015bci.<br><br>Dost\u0119p do wsp\u00f3lnej pla\u017cy ok. 40m. To miejsce idealne r\u00f3wnie\u017c na <a href=\"https:\/\/wzalesiu.pl\/index.php\/atrakcje-na-mazurach-zalesie\/okolica-zalesie-barczewo\/\">piesze w\u0119dr\u00f3wki<\/a> czy <a href=\"https:\/\/wzalesiu.pl\/index.php\/wypozyczalnia-lodzi-olsztyn-i-barczewo\/\">rejsy \u0142\u00f3dk\u0105<\/a>. Niedaleko naszego o\u015brodka znajduj\u0105 si\u0119 r\u00f3wnie\u017c szk\u00f3\u0142ki je\u017adzieckie, gdzie mo\u017cecie zabra\u0107 dzieci na przeja\u017cd\u017cki konne latem lub zorganizowa\u0107 dla nich kulig zim\u0105. <br><br>Propozycj\u0105 dla doros\u0142ych mo\u017ce by\u0107 nasza Strefa Relaksu. Posiadamy w\u0142asn\u0105 <a href=\"https:\/\/wzalesiu.pl\/index.php\/cennik-atrakcji\/\">BALI\u0118<\/a> z hydromasa\u017cem oraz o\u015bwietleniem LED podwodnym oraz <a href=\"https:\/\/wzalesiu.pl\/index.php\/cennik-atrakcji\/\">SAUN\u0118 FI\u0143SK\u0104<\/a>. Oba zlokalizowane s\u0105 przy pla\u017cy z widokiem na jezioro i las.<\/p>\n\n\n\n<p>Domki dla Pa\u0144stwa komfortu s\u0105 w pe\u0142ni wyposa\u017cone i ogrzewane. Do dyspozycji naszych Go\u015bci jest:<br>&#8211; \u015bwie\u017ca po\u015bciel,<br>&#8211; r\u0119czniki (15 pln\/os.)<br>&#8211; zastawa sto\u0142owa,<br>&#8211; zmywarka,<br>&#8211; pralka i suszarka na pranie,<br>&#8211; kosz na pranie,<br>&#8211; czajnik,<br>&#8211; zestaw garnk\u00f3w i patelni,<br>&#8211; lod\u00f3wka z zamra\u017cark\u0105,<br>&#8211; p\u0142yta indukcyjna,<br>&#8211; bramki ochronne zabezpieczaj\u0105ce na schody dla dzieci,<br>&#8211; internet Wi-Fi,<br>&#8211; og\u00f3lnodost\u0119pny bezp\u0142atny i monitorowany parking,<br>&#8211; i z my\u015bl\u0105 o dzieciach drewniany plac zabaw z domkami z k\u0142adk\u0105, \u015blizgiem, piaskownic\u0105, stolikiem z \u0142aweczkami, link\u0105 i \u015bciank\u0105 do wspinaczki oraz dwiema hu\u015btawkami.<\/p>\n\n\n\n<p>Akceptujemy zwierz\u0119ta (25z\u0142\/szt.\/doba), max 150z\u0142 za ca\u0142y pobyt zwierzaka\/\u00f3w<\/p>\n\n\n\n<p>Ka\u017cdy domek ma sw\u00f3j w\u0142asny prywatny ogr\u00f3dek z dost\u0119pem do paleniska i ogrodowego grilla.<\/p>\n\n\n\n<p>Ka\u017cdy z czterech domk\u00f3w przeznaczony jest dla 10 os\u00f3b.<\/p>\n\n\n\n<p>NA PARTERZE:<br>&#8211; otwarty salon z aneksem kuchennym, st\u00f3\u0142 i krzes\u0142a dla 8 os\u00f3b, dwuosobowa rozk\u0142adana kanapa z funkcj\u0105 spania<br>&#8211; Sypialnia 1 z widokiem na jezioro &#8211; jedno \u0142\u00f3\u017cko dwuosobowe<br>&#8211; \u0142azienka z prysznicem, umywalk\u0105 i WC<br>&#8211; oddzielne WC z umywalk\u0105<\/p>\n\n\n\n<p>NA PI\u0118TRZE:<br>&#8211; sypialnia 2 z widokiem na jezioro &#8211; jedno \u0142\u00f3\u017cko jednoosobowe i jedno \u0142\u00f3\u017cko dwuosobowe<br>&#8211; sypialnia 3 z widokiem na jezioro &#8211; dwa \u0142\u00f3\u017cka jednoosobowe i dwa \u0142\u00f3\u017cka dwuosobowe<\/p>\n\n\n\n<p>Doba hotelowa trwa od godziny 15:00 w dniu przyjazdu do godziny 11:00 w ostatnim dniu pobytu.<\/p>\n\n\n\nngg_shortcode_0_placeholder\n\n\n\n<p>ZAPRASZAMY NA WYJ\u0104TKOWE KINDER PARTY! \ud83d\ude42<\/p>\n","protected":false},"excerpt":{"rendered":"<p>Cena za dob\u0119 &#8211; 900pln\/domek\/10os.Cena za dob\u0119 bez noclegu &#8211; 800pln\/domek\/10os.PROMOCJA 1+1 (1doba + 1doba GRATIS!) &#8211; 900pln\/domek\/10os.Rezerwacja terminu tylko przez maila: domki@wzalesiu. pl Nie masz pomys\u0142u na pierwsze urodziny swojego dziecka lub Kinder Party? &#8230;<\/p>\n","protected":false},"author":2,"featured_media":0,"parent":57,"menu_order":0,"comment_status":"closed","ping_status":"closed","template":"","meta":{"ngg_post_thumbnail":0,"footnotes":""},"class_list":["post-3047","page","type-page","status-publish","hentry"],"yoast_head":"<!-- This site is optimized with the Yoast SEO plugin v27.4 - https:\/\/yoast.com\/product\/yoast-seo-wordpress\/ -->\n<title>Kinder Party \/ urodziny Twojego Dziecka w domku nad jeziorem - Zalesie 7D<\/title>\n<meta name=\"robots\" content=\"index, follow, max-snippet:-1, max-image-preview:large, max-video-preview:-1\" \/>\n<link rel=\"canonical\" href=\"https:\/\/wzalesiu.pl\/index.php\/ceny-i-warunki\/kinder-party-urodziny-w-domku-nad-jeziorem\/\" \/>\n<meta property=\"og:locale\" content=\"pl_PL\" \/>\n<meta property=\"og:type\" content=\"article\" \/>\n<meta property=\"og:title\" content=\"Kinder Party \/ urodziny Twojego Dziecka w domku nad jeziorem - Zalesie 7D\" \/>\n<meta property=\"og:description\" content=\"Cena za dob\u0119 &#8211; 900pln\/domek\/10os.Cena za dob\u0119 bez noclegu &#8211; 800pln\/domek\/10os.PROMOCJA 1+1 (1doba + 1doba GRATIS!) &#8211; 900pln\/domek\/10os.Rezerwacja terminu tylko przez maila: domki@wzalesiu. pl Nie masz pomys\u0142u na pierwsze urodziny swojego dziecka lub Kinder Party? ...\" \/>\n<meta property=\"og:url\" content=\"https:\/\/wzalesiu.pl\/index.php\/ceny-i-warunki\/kinder-party-urodziny-w-domku-nad-jeziorem\/\" \/>\n<meta property=\"og:site_name\" content=\"Zalesie 7D\" \/>\n<meta property=\"article:publisher\" content=\"https:\/\/www.facebook.com\/Domkiwzalesiu\/?locale=pl_PL\" \/>\n<meta property=\"article:modified_time\" content=\"2023-02-28T13:09:14+00:00\" \/>\n<meta property=\"og:image\" content=\"https:\/\/wzalesiu.pl\/wp-content\/uploads\/2022\/11\/IMG-20191018-WA0030-1024x768.jpg\" \/>\n<meta name=\"twitter:card\" content=\"summary_large_image\" \/>\n<meta name=\"twitter:label1\" content=\"Szacowany czas czytania\" \/>\n\t<meta name=\"twitter:data1\" content=\"4 minuty\" \/>\n<!-- \/ Yoast SEO plugin. -->","yoast_head_json":{"title":"Kinder Party \/ urodziny Twojego Dziecka w domku nad jeziorem - Zalesie 7D","robots":{"index":"index","follow":"follow","max-snippet":"max-snippet:-1","max-image-preview":"max-image-preview:large","max-video-preview":"max-video-preview:-1"},"canonical":"https:\/\/wzalesiu.pl\/index.php\/ceny-i-warunki\/kinder-party-urodziny-w-domku-nad-jeziorem\/","og_locale":"pl_PL","og_type":"article","og_title":"Kinder Party \/ urodziny Twojego Dziecka w domku nad jeziorem - Zalesie 7D","og_description":"Cena za dob\u0119 &#8211; 900pln\/domek\/10os.Cena za dob\u0119 bez noclegu &#8211; 800pln\/domek\/10os.PROMOCJA 1+1 (1doba + 1doba GRATIS!) &#8211; 900pln\/domek\/10os.Rezerwacja terminu tylko przez maila: domki@wzalesiu. pl Nie masz pomys\u0142u na pierwsze urodziny swojego dziecka lub Kinder Party? ...","og_url":"https:\/\/wzalesiu.pl\/index.php\/ceny-i-warunki\/kinder-party-urodziny-w-domku-nad-jeziorem\/","og_site_name":"Zalesie 7D","article_publisher":"https:\/\/www.facebook.com\/Domkiwzalesiu\/?locale=pl_PL","article_modified_time":"2023-02-28T13:09:14+00:00","og_image":[{"url":"https:\/\/wzalesiu.pl\/wp-content\/uploads\/2022\/11\/IMG-20191018-WA0030-1024x768.jpg","type":"","width":"","height":""}],"twitter_card":"summary_large_image","twitter_misc":{"Szacowany czas czytania":"4 minuty"},"schema":{"@context":"https:\/\/schema.org","@graph":[{"@type":"WebPage","@id":"https:\/\/wzalesiu.pl\/index.php\/ceny-i-warunki\/kinder-party-urodziny-w-domku-nad-jeziorem\/","url":"https:\/\/wzalesiu.pl\/index.php\/ceny-i-warunki\/kinder-party-urodziny-w-domku-nad-jeziorem\/","name":"Kinder Party \/ urodziny Twojego Dziecka w domku nad jeziorem - Zalesie 7D","isPartOf":{"@id":"https:\/\/wzalesiu.pl\/#website"},"primaryImageOfPage":{"@id":"https:\/\/wzalesiu.pl\/index.php\/ceny-i-warunki\/kinder-party-urodziny-w-domku-nad-jeziorem\/#primaryimage"},"image":{"@id":"https:\/\/wzalesiu.pl\/index.php\/ceny-i-warunki\/kinder-party-urodziny-w-domku-nad-jeziorem\/#primaryimage"},"thumbnailUrl":"https:\/\/wzalesiu.pl\/wp-content\/uploads\/2022\/11\/IMG-20191018-WA0030-1024x768.jpg","datePublished":"2022-10-26T12:43:13+00:00","dateModified":"2023-02-28T13:09:14+00:00","breadcrumb":{"@id":"https:\/\/wzalesiu.pl\/index.php\/ceny-i-warunki\/kinder-party-urodziny-w-domku-nad-jeziorem\/#breadcrumb"},"inLanguage":"pl-PL","potentialAction":[{"@type":"ReadAction","target":["https:\/\/wzalesiu.pl\/index.php\/ceny-i-warunki\/kinder-party-urodziny-w-domku-nad-jeziorem\/"]}]},{"@type":"ImageObject","inLanguage":"pl-PL","@id":"https:\/\/wzalesiu.pl\/index.php\/ceny-i-warunki\/kinder-party-urodziny-w-domku-nad-jeziorem\/#primaryimage","url":"https:\/\/wzalesiu.pl\/wp-content\/uploads\/2022\/11\/IMG-20191018-WA0030-1024x768.jpg","contentUrl":"https:\/\/wzalesiu.pl\/wp-content\/uploads\/2022\/11\/IMG-20191018-WA0030-1024x768.jpg"},{"@type":"BreadcrumbList","@id":"https:\/\/wzalesiu.pl\/index.php\/ceny-i-warunki\/kinder-party-urodziny-w-domku-nad-jeziorem\/#breadcrumb","itemListElement":[{"@type":"ListItem","position":1,"name":"Strona g\u0142\u00f3wna","item":"https:\/\/wzalesiu.pl\/"},{"@type":"ListItem","position":2,"name":"Ceny i warunki","item":"https:\/\/wzalesiu.pl\/index.php\/ceny-i-warunki\/"},{"@type":"ListItem","position":3,"name":"Kinder Party \/ urodziny Twojego Dziecka w domku nad jeziorem"}]},{"@type":"WebSite","@id":"https:\/\/wzalesiu.pl\/#website","url":"https:\/\/wzalesiu.pl\/","name":"Domki nad jeziorem - Zalesie 7D","description":"Domki nad jeziorem z w\u0142asn\u0105 lini\u0105 brzegow\u0105 i jacuzzi","publisher":{"@id":"https:\/\/wzalesiu.pl\/#organization"},"potentialAction":[{"@type":"SearchAction","target":{"@type":"EntryPoint","urlTemplate":"https:\/\/wzalesiu.pl\/?s={search_term_string}"},"query-input":{"@type":"PropertyValueSpecification","valueRequired":true,"valueName":"search_term_string"}}],"inLanguage":"pl-PL"},{"@type":"Organization","@id":"https:\/\/wzalesiu.pl\/#organization","name":"Domki nad Jeziorem - Zalesie 7D","url":"https:\/\/wzalesiu.pl\/","logo":{"@type":"ImageObject","inLanguage":"pl-PL","@id":"https:\/\/wzalesiu.pl\/#\/schema\/logo\/image\/","url":"https:\/\/wzalesiu.pl\/wp-content\/uploads\/2020\/03\/cropped-Logo-wzalesiu_stronka.png","contentUrl":"https:\/\/wzalesiu.pl\/wp-content\/uploads\/2020\/03\/cropped-Logo-wzalesiu_stronka.png","width":161,"height":161,"caption":"Domki nad Jeziorem - Zalesie 7D"},"image":{"@id":"https:\/\/wzalesiu.pl\/#\/schema\/logo\/image\/"},"sameAs":["https:\/\/www.facebook.com\/Domkiwzalesiu\/?locale=pl_PL"]}]}},"_links":{"self":[{"href":"https:\/\/wzalesiu.pl\/index.php\/wp-json\/wp\/v2\/pages\/3047","targetHints":{"allow":["GET"]}}],"collection":[{"href":"https:\/\/wzalesiu.pl\/index.php\/wp-json\/wp\/v2\/pages"}],"about":[{"href":"https:\/\/wzalesiu.pl\/index.php\/wp-json\/wp\/v2\/types\/page"}],"author":[{"embeddable":true,"href":"https:\/\/wzalesiu.pl\/index.php\/wp-json\/wp\/v2\/users\/2"}],"replies":[{"embeddable":true,"href":"https:\/\/wzalesiu.pl\/index.php\/wp-json\/wp\/v2\/comments?post=3047"}],"version-history":[{"count":14,"href":"https:\/\/wzalesiu.pl\/index.php\/wp-json\/wp\/v2\/pages\/3047\/revisions"}],"predecessor-version":[{"id":3601,"href":"https:\/\/wzalesiu.pl\/index.php\/wp-json\/wp\/v2\/pages\/3047\/revisions\/3601"}],"up":[{"embeddable":true,"href":"https:\/\/wzalesiu.pl\/index.php\/wp-json\/wp\/v2\/pages\/57"}],"wp:attachment":[{"href":"https:\/\/wzalesiu.pl\/index.php\/wp-json\/wp\/v2\/media?parent=3047"}],"curies":[{"name":"wp","href":"https:\/\/api.w.org\/{rel}","templated":true}]}}