{"id":2555,"date":"2022-02-24T15:03:33","date_gmt":"2022-02-24T14:03:33","guid":{"rendered":"https:\/\/wzalesiu.pl\/?page_id=2555"},"modified":"2024-09-12T21:39:18","modified_gmt":"2024-09-12T19:39:18","slug":"atrakcje-turystyczne-barczewa-olsztyna","status":"publish","type":"page","link":"https:\/\/wzalesiu.pl\/index.php\/atrakcje-na-mazurach-zalesie\/atrakcje-turystyczne-barczewa-olsztyna\/","title":{"rendered":"Atrakcje turystyczne Barczewa, Olsztyna i okolic. Najwa\u017cniejsze do odwiedzenia miejsca na Warmii i Mazurach w okolicy domk\u00f3w nad Jeziorem."},"content":{"rendered":"\n<p>Poni\u017cej pogrupowane warte do zobaczenia miejsca w najbli\u017cszym s\u0105siedztwie naszych domk\u00f3w. <br>Je\u017celi interesuje Ci\u0119 turystyka rowerowa i piesza zapraszam do sprawdzenia <a href=\"https:\/\/wzalesiu.pl\/index.php\/atrakcje-na-mazurach-zalesie\/szlaki-turystyczne-i-rowerowe-na-terenie-gminy-barczewo\/\">szlak\u00f3w turystycznych i rowerowych na terenie gminy Barczewo<\/a>. <a href=\"https:\/\/wzalesiu.pl\/index.php\/atrakcje-na-mazurach-zalesie\/szlaki-turystyczne-i-rowerowe-na-terenie-gminy-barczewo\/\">Kliknij tutaj<\/a> by przenie\u015b\u0107 si\u0119 na stron\u0119 mapy i opis\u00f3w.<\/p>\n\n\n\n<h2 class=\"wp-block-heading\">ZWIEDZANIE ZALESIA<\/h2>\n\n\n\n<hr class=\"wp-block-separator has-css-opacity\"\/>\n\n\n\n<ul class=\"wp-block-list\">\n<li>3,1km Pla\u017ca miejska Zalesie, Barczewo (miejsce na ognisko, si\u0142ownia zewn\u0119trzna, k\u0105pielisko)<\/li>\n\n\n\n<li>3,4km Galeria Sztuki Synagoga, Barczewo, ul. Ko\u015bciuszki 7\/9<\/li>\n\n\n\n<li>3,6km Wie\u017ca ratusza \u2013 punkt widokowy, Barczewo, pl. Ratuszowy 1<\/li>\n\n\n\n<li>4,4km Skarbiec Kultury Europejskiej, Barczewo, ul. Grunwaldzka 15<\/li>\n<\/ul>\n\n\n\n<h2 class=\"wp-block-heading\">MUZEA<\/h2>\n\n\n\n<hr class=\"wp-block-separator has-css-opacity\"\/>\n\n\n\n<ul class=\"wp-block-list\">\n<li>3,7km Salon Muzyczny im. Feliksa Nowowiejskiego, Barczewo ul.&nbsp; Mickiewicza 13<\/li>\n\n\n\n<li>8,7km Neogotycka Kapliczka \u2013 Barczewo<\/li>\n\n\n\n<li>13km Warmi\u0144ski Browar Parowy \u2013 \u017cywe muzeum, Patryki 45<\/li>\n\n\n\n<li>21km Muzeum Przyrody \u2013 Oddzia\u0142 Muzeum Warmii i Mazur, Olsztyn, ul. Metalowa 8<\/li>\n\n\n\n<li>21km Miejski O\u015brodek Kultury Centrum Techniki i Rozwoju Regionu Muzeum Nowoczesno\u015bci, Olsztyn, ul. R. Knosa\u0142y 3B<\/li>\n\n\n\n<li>47km Muzeum Budownictwa Ludowego, Olsztynek, ul. Le\u015bna 23<\/li>\n\n\n\n<li>67km Muzeum Bitwy pod Grunwaldem, Grunwald, St\u0119bark 1<\/li>\n<\/ul>\n\n\n\n<h2 class=\"wp-block-heading\">KO\u015aCIO\u0141Y<\/h2>\n\n\n\n<hr class=\"wp-block-separator has-css-opacity\"\/>\n\n\n\n<ul class=\"wp-block-list\">\n<li>3,2 km Ko\u015bci\u00f3\u0142 pw. \u015bw. Dyzmy, Barczewo, ul. Klasztorna 7<\/li>\n\n\n\n<li>3,6km Ko\u015bci\u00f3\u0142 pw. \u015aw. Andrzeja Aposto\u0142a z kaplic\u0105 \u015bw. Antoniego, Barczewo, pl. Stefana Batorego 1A<\/li>\n\n\n\n<li>3,9km Ko\u015bci\u00f3\u0142 pw. \u015bw. Anny i \u015bw. Szczepana, Barczewo, ul. Nowowiejskiego 4<\/li>\n\n\n\n<li>21km Katedra \u015awi\u0119tego Jakuba Aposto\u0142a, Olsztyn, Stanis\u0142awa Staszica 12<\/li>\n\n\n\n<li>21km Ko\u015bci\u00f3\u0142 \u015bw. Bart\u0142omieja, Jeziorany, pl. Ko\u015bcielny 2<br><\/li>\n<\/ul>\n\n\n\n<h2 class=\"wp-block-heading\">SANKTUARIA<\/h2>\n\n\n\n<hr class=\"wp-block-separator has-css-opacity\"\/>\n\n\n\n<ul class=\"wp-block-list\">\n<li>19km Krzy\u017ca \u015awi\u0119tego, Klebark Wielki, Klebark Wielki 32<\/li>\n\n\n\n<li>27km Bo\u017cej Opatrzno\u015bci, Bart\u0105g, ul. \u015aw. Jana 3<\/li>\n\n\n\n<li>28km Matki Boskiej Fatimskiej, Olsztyn, ul. Bajkowa 15<\/li>\n<\/ul>\n\n\n\n<h2 class=\"wp-block-heading\">PLACE ZABAW<\/h2>\n\n\n\n<hr class=\"wp-block-separator has-css-opacity\"\/>\n\n\n\n<ul class=\"wp-block-list\">\n<li>3km Plac zabaw (o\u015bwietlone boisko do siatk\u00f3wki pla\u017cowej, si\u0142ownia zewn\u0119trzna, trampoliny, zjazd linowy tyrolk\u0105) przy skrzy\u017cowaniu ulic Mostowej i Targowej<\/li>\n\n\n\n<li>3,8km o\u015bwietlony plac zabaw za Ko\u015bcio\u0142em przy mostku (\u015bcianka wspinaczkowa, dwa tunelowe \u015blizgi, zjazd linowy tyrolk\u0105, trampoliny) Barczewo, skrzy\u017cowanie ulic Mickiewicza i Armii Krajowej<\/li>\n\n\n\n<li>18km Plac zabaw, Olsztyn, ul Ludwika Zamenhofa<\/li>\n<\/ul>\n\n\n\n<h2 class=\"wp-block-heading\">BAWIALNIE DLA DZIECI<\/h2>\n\n\n\n<hr class=\"wp-block-separator has-css-opacity\"\/>\n\n\n\n<ul class=\"wp-block-list\">\n<li>22km Warmiolandia M\u0105dre Klocki, Olsztyn, ul. Tuwima 26<\/li>\n\n\n\n<li>27km Fabryka Przyg\u00f3d, Olsztyn, ul. Dolna 16<\/li>\n\n\n\n<li>34km Warmiolandia Miasto Dzieci, Olsztyn, Aleja Warszawska 117<\/li>\n<\/ul>\n\n\n\n<h2 class=\"wp-block-heading\">ZABYTKI, ATRAKCJE TURYSTYCZNE <\/h2>\n\n\n\n<hr class=\"wp-block-separator has-css-opacity\"\/>\n\n\n\n<ul class=\"wp-block-list\">\n<li>3,9km Zamek Biskup\u00f3w Warmi\u0144skich, Barczewo, ul. Nowowiejskiego 9<\/li>\n\n\n\n<li>13km Zwierzyniec Warmi\u0144ski, Nikielkowo, Nikielkowo 23<\/li>\n\n\n\n<li>16km Chojnowski Park Krajobrazowy, Patryki<\/li>\n\n\n\n<li>16km P\u0142ywaj\u0105ca Wyspa Wakepark nad jeziorem Ukiel<\/li>\n\n\n\n<li>17km M\u0142yn wodny, Klimkowo<\/li>\n\n\n\n<li>18km Papugarnia, Olsztyn, ul. Lubelska 29C<\/li>\n\n\n\n<li>19km Escape Us \u2013 pokoje zagadek, Olsztyn, Lubelska 19<\/li>\n\n\n\n<li>19km PitBike Tor Kormoran Olsztyn ul. Sprz\u0119towa 6 \u2013 tor kartingowy<\/li>\n\n\n\n<li>20km Olszty\u0144ski Teatr Lalek, Olsztyn, ul. Bartosza G\u0142owackiego 17<\/li>\n\n\n\n<li>21km Most zakochanych przy zamku nad rzek\u0105 \u0141yn\u0105<\/li>\n\n\n\n<li>21km Ptaszarnia, Olsztyn, ul. Wrzosowa 3<\/li>\n\n\n\n<li>22km Olszty\u0144ska Star\u00f3wka<\/li>\n\n\n\n<li>29km stacja narciarska Kartasi\u00f3wka, Ru\u015b, Bart\u0105g 55<\/li>\n\n\n\n<li>35km Wioska Tematyczna Warmi\u0144skie Straszyd\u0142a, W\u0119g\u00f3j<\/li>\n\n\n\n<li>44km Ruiny zamku w Szczytnie, Szczytno, ul. H. Sienkiewicza 1<\/li>\n\n\n\n<li>45km Stacja narciarska Krzy\u017cowa G\u00f3ra, Lidzbark Warmi\u0144ski<\/li>\n\n\n\n<li>47km Zamek Krzy\u017cacki w Olsztynku, Olsztynek, ul. Zamkowa 6<\/li>\n\n\n\n<li>73km Wioska \u017beglarska, Miko\u0142ajki, ul. Kowalska 3<\/li>\n\n\n\n<li>73km Mazurski Park Krajobrazowy, Kruty\u0144, Kruty\u0144 66<\/li>\n\n\n\n<li>75km Park Dzikich Zwierz\u0105t, Kadzid\u0142owo<\/li>\n\n\n\n<li>84km Kwatera G\u0142\u00f3wna Adolfa Hitlera, Wilczy Szaniec, K\u0119trzyn, Gier\u0142o\u017c 5<\/li>\n\n\n\n<li>102km Bunkry z okresu II wojny \u015bwiatowej \u2013 Kwatera G\u0142\u00f3wna Niemieckich Wojsk L\u0105dowych, Mamerki<\/li>\n<\/ul>\n\n\n\n<h2 class=\"wp-block-heading\">KINA<\/h2>\n\n\n\n<hr class=\"wp-block-separator has-css-opacity\"\/>\n\n\n\n<ul class=\"wp-block-list\">\n<li>20km Helios, Olsztyn, al. Marsza\u0142ka J\u00f3zefa Pi\u0142sudskiego 16<\/li>\n\n\n\n<li>20km Kino studyjne Awangarda 2, Olsztyn, pl. Jana Paw\u0142a II 2\/3<\/li>\n\n\n\n<li>29km Multikino, Olsztyn, ul. Tuwima 26<\/li>\n<\/ul>\n\n\n\n<h2 class=\"wp-block-heading\">NOCLEGI<\/h2>\n\n\n\n<ol class=\"wp-block-list\">\n<li><a href=\"http:\/\/WZalesiu.pl\">Domki z w\u0142asn\u0105 pla\u017c\u0105 na mazurach<\/a> &#8211; 10 osobowe domki. Zalesie 7d, 11-010 Barczewo<\/li>\n\n\n\n<li>Willa dla rodzin. Miejska Wie\u015b 3, 11-320 Jeziorany <\/li>\n\n\n\n<li><a href=\"https:\/\/przystanjeziorany.pl\/glamping-mazury\/\">Glamping na mazurach<\/a> &#8211; Miejska Wie\u015b 3, 11-320 Jeziorany<\/li>\n<\/ol>\n","protected":false},"excerpt":{"rendered":"<p>Poni\u017cej pogrupowane warte do zobaczenia miejsca w najbli\u017cszym s\u0105siedztwie naszych domk\u00f3w. Je\u017celi interesuje Ci\u0119 turystyka rowerowa i piesza zapraszam do sprawdzenia szlak\u00f3w turystycznych i rowerowych na terenie gminy Barczewo. Kliknij tutaj by przenie\u015b\u0107 si\u0119 na &#8230;<\/p>\n","protected":false},"author":2,"featured_media":0,"parent":53,"menu_order":0,"comment_status":"closed","ping_status":"closed","template":"","meta":{"ngg_post_thumbnail":0,"footnotes":""},"class_list":["post-2555","page","type-page","status-publish","hentry"],"yoast_head":"<!-- This site is optimized with the Yoast SEO plugin v27.4 - https:\/\/yoast.com\/product\/yoast-seo-wordpress\/ -->\n<title>Atrakcje turystyczne Barczewa, Olsztyna i okolic. Najwa\u017cniejsze do odwiedzenia miejsca na Warmii i Mazurach w okolicy domk\u00f3w nad Jeziorem. - Zalesie 7D<\/title>\n<meta name=\"robots\" content=\"index, follow, max-snippet:-1, max-image-preview:large, max-video-preview:-1\" \/>\n<link rel=\"canonical\" href=\"https:\/\/wzalesiu.pl\/index.php\/atrakcje-na-mazurach-zalesie\/atrakcje-turystyczne-barczewa-olsztyna\/\" \/>\n<meta property=\"og:locale\" content=\"pl_PL\" \/>\n<meta property=\"og:type\" content=\"article\" \/>\n<meta property=\"og:title\" content=\"Atrakcje turystyczne Barczewa, Olsztyna i okolic. Najwa\u017cniejsze do odwiedzenia miejsca na Warmii i Mazurach w okolicy domk\u00f3w nad Jeziorem. - Zalesie 7D\" \/>\n<meta property=\"og:description\" content=\"Poni\u017cej pogrupowane warte do zobaczenia miejsca w najbli\u017cszym s\u0105siedztwie naszych domk\u00f3w. Je\u017celi interesuje Ci\u0119 turystyka rowerowa i piesza zapraszam do sprawdzenia szlak\u00f3w turystycznych i rowerowych na terenie gminy Barczewo. Kliknij tutaj by przenie\u015b\u0107 si\u0119 na ...\" \/>\n<meta property=\"og:url\" content=\"https:\/\/wzalesiu.pl\/index.php\/atrakcje-na-mazurach-zalesie\/atrakcje-turystyczne-barczewa-olsztyna\/\" \/>\n<meta property=\"og:site_name\" content=\"Zalesie 7D\" \/>\n<meta property=\"article:publisher\" content=\"https:\/\/www.facebook.com\/Domkiwzalesiu\/?locale=pl_PL\" \/>\n<meta property=\"article:modified_time\" content=\"2024-09-12T19:39:18+00:00\" \/>\n<meta property=\"og:image\" content=\"https:\/\/wzalesiu.pl\/wp-content\/uploads\/2025\/01\/Zalesie-58.jpg\" \/>\n\t<meta property=\"og:image:width\" content=\"2000\" \/>\n\t<meta property=\"og:image:height\" content=\"1124\" \/>\n\t<meta property=\"og:image:type\" content=\"image\/jpeg\" \/>\n<meta name=\"twitter:card\" content=\"summary_large_image\" \/>\n<meta name=\"twitter:label1\" content=\"Szacowany czas czytania\" \/>\n\t<meta name=\"twitter:data1\" content=\"4 minuty\" \/>\n<!-- \/ Yoast SEO plugin. -->","yoast_head_json":{"title":"Atrakcje turystyczne Barczewa, Olsztyna i okolic. Najwa\u017cniejsze do odwiedzenia miejsca na Warmii i Mazurach w okolicy domk\u00f3w nad Jeziorem. - Zalesie 7D","robots":{"index":"index","follow":"follow","max-snippet":"max-snippet:-1","max-image-preview":"max-image-preview:large","max-video-preview":"max-video-preview:-1"},"canonical":"https:\/\/wzalesiu.pl\/index.php\/atrakcje-na-mazurach-zalesie\/atrakcje-turystyczne-barczewa-olsztyna\/","og_locale":"pl_PL","og_type":"article","og_title":"Atrakcje turystyczne Barczewa, Olsztyna i okolic. Najwa\u017cniejsze do odwiedzenia miejsca na Warmii i Mazurach w okolicy domk\u00f3w nad Jeziorem. - Zalesie 7D","og_description":"Poni\u017cej pogrupowane warte do zobaczenia miejsca w najbli\u017cszym s\u0105siedztwie naszych domk\u00f3w. Je\u017celi interesuje Ci\u0119 turystyka rowerowa i piesza zapraszam do sprawdzenia szlak\u00f3w turystycznych i rowerowych na terenie gminy Barczewo. Kliknij tutaj by przenie\u015b\u0107 si\u0119 na ...","og_url":"https:\/\/wzalesiu.pl\/index.php\/atrakcje-na-mazurach-zalesie\/atrakcje-turystyczne-barczewa-olsztyna\/","og_site_name":"Zalesie 7D","article_publisher":"https:\/\/www.facebook.com\/Domkiwzalesiu\/?locale=pl_PL","article_modified_time":"2024-09-12T19:39:18+00:00","og_image":[{"width":2000,"height":1124,"url":"https:\/\/wzalesiu.pl\/wp-content\/uploads\/2025\/01\/Zalesie-58.jpg","type":"image\/jpeg"}],"twitter_card":"summary_large_image","twitter_misc":{"Szacowany czas czytania":"4 minuty"},"schema":{"@context":"https:\/\/schema.org","@graph":[{"@type":"WebPage","@id":"https:\/\/wzalesiu.pl\/index.php\/atrakcje-na-mazurach-zalesie\/atrakcje-turystyczne-barczewa-olsztyna\/","url":"https:\/\/wzalesiu.pl\/index.php\/atrakcje-na-mazurach-zalesie\/atrakcje-turystyczne-barczewa-olsztyna\/","name":"Atrakcje turystyczne Barczewa, Olsztyna i okolic. Najwa\u017cniejsze do odwiedzenia miejsca na Warmii i Mazurach w okolicy domk\u00f3w nad Jeziorem. - Zalesie 7D","isPartOf":{"@id":"https:\/\/wzalesiu.pl\/#website"},"datePublished":"2022-02-24T14:03:33+00:00","dateModified":"2024-09-12T19:39:18+00:00","breadcrumb":{"@id":"https:\/\/wzalesiu.pl\/index.php\/atrakcje-na-mazurach-zalesie\/atrakcje-turystyczne-barczewa-olsztyna\/#breadcrumb"},"inLanguage":"pl-PL","potentialAction":[{"@type":"ReadAction","target":["https:\/\/wzalesiu.pl\/index.php\/atrakcje-na-mazurach-zalesie\/atrakcje-turystyczne-barczewa-olsztyna\/"]}]},{"@type":"BreadcrumbList","@id":"https:\/\/wzalesiu.pl\/index.php\/atrakcje-na-mazurach-zalesie\/atrakcje-turystyczne-barczewa-olsztyna\/#breadcrumb","itemListElement":[{"@type":"ListItem","position":1,"name":"Strona g\u0142\u00f3wna","item":"https:\/\/wzalesiu.pl\/"},{"@type":"ListItem","position":2,"name":"Atrakcje","item":"https:\/\/wzalesiu.pl\/index.php\/atrakcje-na-mazurach-zalesie\/"},{"@type":"ListItem","position":3,"name":"Atrakcje turystyczne Barczewa, Olsztyna i okolic. Najwa\u017cniejsze do odwiedzenia miejsca na Warmii i Mazurach w okolicy domk\u00f3w nad Jeziorem."}]},{"@type":"WebSite","@id":"https:\/\/wzalesiu.pl\/#website","url":"https:\/\/wzalesiu.pl\/","name":"Domki nad jeziorem - Zalesie 7D","description":"Domki nad jeziorem z w\u0142asn\u0105 lini\u0105 brzegow\u0105 i jacuzzi","publisher":{"@id":"https:\/\/wzalesiu.pl\/#organization"},"potentialAction":[{"@type":"SearchAction","target":{"@type":"EntryPoint","urlTemplate":"https:\/\/wzalesiu.pl\/?s={search_term_string}"},"query-input":{"@type":"PropertyValueSpecification","valueRequired":true,"valueName":"search_term_string"}}],"inLanguage":"pl-PL"},{"@type":"Organization","@id":"https:\/\/wzalesiu.pl\/#organization","name":"Domki nad Jeziorem - Zalesie 7D","url":"https:\/\/wzalesiu.pl\/","logo":{"@type":"ImageObject","inLanguage":"pl-PL","@id":"https:\/\/wzalesiu.pl\/#\/schema\/logo\/image\/","url":"https:\/\/wzalesiu.pl\/wp-content\/uploads\/2020\/03\/cropped-Logo-wzalesiu_stronka.png","contentUrl":"https:\/\/wzalesiu.pl\/wp-content\/uploads\/2020\/03\/cropped-Logo-wzalesiu_stronka.png","width":161,"height":161,"caption":"Domki nad Jeziorem - Zalesie 7D"},"image":{"@id":"https:\/\/wzalesiu.pl\/#\/schema\/logo\/image\/"},"sameAs":["https:\/\/www.facebook.com\/Domkiwzalesiu\/?locale=pl_PL"]}]}},"_links":{"self":[{"href":"https:\/\/wzalesiu.pl\/index.php\/wp-json\/wp\/v2\/pages\/2555","targetHints":{"allow":["GET"]}}],"collection":[{"href":"https:\/\/wzalesiu.pl\/index.php\/wp-json\/wp\/v2\/pages"}],"about":[{"href":"https:\/\/wzalesiu.pl\/index.php\/wp-json\/wp\/v2\/types\/page"}],"author":[{"embeddable":true,"href":"https:\/\/wzalesiu.pl\/index.php\/wp-json\/wp\/v2\/users\/2"}],"replies":[{"embeddable":true,"href":"https:\/\/wzalesiu.pl\/index.php\/wp-json\/wp\/v2\/comments?post=2555"}],"version-history":[{"count":5,"href":"https:\/\/wzalesiu.pl\/index.php\/wp-json\/wp\/v2\/pages\/2555\/revisions"}],"predecessor-version":[{"id":4681,"href":"https:\/\/wzalesiu.pl\/index.php\/wp-json\/wp\/v2\/pages\/2555\/revisions\/4681"}],"up":[{"embeddable":true,"href":"https:\/\/wzalesiu.pl\/index.php\/wp-json\/wp\/v2\/pages\/53"}],"wp:attachment":[{"href":"https:\/\/wzalesiu.pl\/index.php\/wp-json\/wp\/v2\/media?parent=2555"}],"curies":[{"name":"wp","href":"https:\/\/api.w.org\/{rel}","templated":true}]}}