{"id":2,"date":"2019-11-25T21:27:14","date_gmt":"2019-11-25T20:27:14","guid":{"rendered":"http:\/\/zgetmgi.cluster028.hosting.ovh.net\/?page_id=2"},"modified":"2025-01-04T22:12:01","modified_gmt":"2025-01-04T21:12:01","slug":"domki-na-mazurach-nad-jeziorem","status":"publish","type":"page","link":"https:\/\/wzalesiu.pl\/index.php\/domki-na-mazurach-nad-jeziorem\/","title":{"rendered":"Rodzinne domki nad jeziorem"},"content":{"rendered":"\n<figure class=\"wp-block-image size-large\"><img decoding=\"async\" width=\"1024\" height=\"683\" data-src=\"https:\/\/wzalesiu.pl\/wp-content\/uploads\/2025\/01\/Fotoram.io-3.jpg-1024x683.webp\" alt=\"Domek dla 11 os\u00f3b\/\" class=\"wp-image-4842 lazyload\" data-srcset=\"https:\/\/wzalesiu.pl\/wp-content\/uploads\/2025\/01\/Fotoram.io-3.jpg-1024x683.webp 1024w, https:\/\/wzalesiu.pl\/wp-content\/uploads\/2025\/01\/Fotoram.io-3.jpg-300x200.webp 300w, https:\/\/wzalesiu.pl\/wp-content\/uploads\/2025\/01\/Fotoram.io-3.jpg-768x512.webp 768w, https:\/\/wzalesiu.pl\/wp-content\/uploads\/2025\/01\/Fotoram.io-3.jpg-600x400.webp 600w, https:\/\/wzalesiu.pl\/wp-content\/uploads\/2025\/01\/Fotoram.io-3.jpg-240x160.webp 240w, https:\/\/wzalesiu.pl\/wp-content\/uploads\/2025\/01\/Fotoram.io-3.jpg.webp 1200w\" data-sizes=\"(max-width: 1024px) 100vw, 1024px\" src=\"data:image\/svg+xml;base64,PHN2ZyB3aWR0aD0iMSIgaGVpZ2h0PSIxIiB4bWxucz0iaHR0cDovL3d3dy53My5vcmcvMjAwMC9zdmciPjwvc3ZnPg==\" style=\"--smush-placeholder-width: 1024px; --smush-placeholder-aspect-ratio: 1024\/683;\" \/><\/figure>\n\n\n\n<p class=\"has-medium-font-size\"><strong>Po\u0142o\u017cenie<\/strong><\/p>\n\n\n\n<p>Nasze domki z bala zlokalizowane s\u0105 w wyj\u0105tkowym miejscu, na wzg\u00f3rzu z widokiem na jezioro Orzyc, miejsk\u0105 pla\u017c\u0119 i okoliczne lasy. To miejsce pozwala odnale\u017a\u0107 wewn\u0119trzn\u0105 r\u00f3wnowag\u0119 oraz czerpa\u0107 energi\u0119 p\u0142yn\u0105c\u0105 bezpo\u015brednio z natury. Szczeg\u00f3\u0142y dojazdu w zak\u0142adce <a href=\"https:\/\/wzalesiu.pl\/index.php\/jak-trafic-na-mazury-warmie\/\">kontakt<\/a>.<\/p>\n\n\n\nngg_shortcode_0_placeholder\n\n\n\n<h2 class=\"wp-block-heading has-medium-font-size\"><strong>Uk\u0142ad pomieszcze\u0144<\/strong><\/h2>\n\n\n\n<p>Ka\u017cdy z domk\u00f3w ma 70 m2 powierzchni, 3 sypialnie, 2 toalety, \u0142azienka z prysznicem, du\u017cy salon z aneksem kuchennym<\/p>\n\n\n\n<p>Rozk\u0142ad pomieszcze\u0144 jest nast\u0119puj\u0105cy:<\/p>\n\n\n\n<h3 class=\"wp-block-heading\">PARTER<\/h3>\n\n\n\n<figure class=\"wp-block-image\"><img decoding=\"async\" width=\"412\" height=\"299\" data-src=\"http:\/\/wzalesiu.pl\/wp-content\/uploads\/2019\/11\/image-1.png\" alt=\"\" class=\"wp-image-330 lazyload\" data-srcset=\"https:\/\/wzalesiu.pl\/wp-content\/uploads\/2019\/11\/image-1.png 412w, https:\/\/wzalesiu.pl\/wp-content\/uploads\/2019\/11\/image-1-300x218.png 300w\" data-sizes=\"(max-width: 412px) 100vw, 412px\" src=\"data:image\/svg+xml;base64,PHN2ZyB3aWR0aD0iMSIgaGVpZ2h0PSIxIiB4bWxucz0iaHR0cDovL3d3dy53My5vcmcvMjAwMC9zdmciPjwvc3ZnPg==\" style=\"--smush-placeholder-width: 412px; --smush-placeholder-aspect-ratio: 412\/299;\" \/><figcaption class=\"wp-element-caption\">Pok\u00f3j nr 0.3: <br>1 x \u0142\u00f3\u017cko dwuosobowe 140 x 200<br><br>Pok\u00f3j dzienny (salon) nr 0.1: <br>1 x sofa rozk\u0142adana 120 x 200 <br><\/figcaption><\/figure>\n\n\n\n<h3 class=\"wp-block-heading\">PI\u0118TRO<\/h3>\n\n\n\n<figure class=\"wp-block-image\"><img decoding=\"async\" width=\"381\" height=\"262\" data-src=\"http:\/\/wzalesiu.pl\/wp-content\/uploads\/2019\/11\/image-2.png\" alt=\"\" class=\"wp-image-331 lazyload\" data-srcset=\"https:\/\/wzalesiu.pl\/wp-content\/uploads\/2019\/11\/image-2.png 381w, https:\/\/wzalesiu.pl\/wp-content\/uploads\/2019\/11\/image-2-300x206.png 300w\" data-sizes=\"(max-width: 381px) 100vw, 381px\" src=\"data:image\/svg+xml;base64,PHN2ZyB3aWR0aD0iMSIgaGVpZ2h0PSIxIiB4bWxucz0iaHR0cDovL3d3dy53My5vcmcvMjAwMC9zdmciPjwvc3ZnPg==\" style=\"--smush-placeholder-width: 381px; --smush-placeholder-aspect-ratio: 381\/262;\" \/><\/figure>\n\n\n\n<p>Pok\u00f3j  nr 1.2  <br>1 x \u0142\u00f3\u017cko dwuosobowe 140&#215;200<br>1 x \u0142\u00f3\u017cko jednoosobowe 90&#215;200<\/p>\n\n\n\n<p>Pok\u00f3j  nr 1.3<br>1 x \u0142\u00f3\u017cko dwuosobowe 140&#215;200<br>3 x \u0142\u00f3\u017cka jednoosobowe 90&#215;200<\/p>\n\n\n\n<h2 class=\"wp-block-heading has-medium-font-size\"><strong>Wygl\u0105d wewn\u0105trz<\/strong><\/h2>\n\n\n\n<p>Starannie zaprojektowane wn\u0119trza naszych domk\u00f3w s\u0105 dope\u0142nieniem prawdziwego relaksu, gwarantuj\u0105cego poczucie wyj\u0105tkowego wypoczynku oraz komfortowego pobytu. Z ka\u017cdego z naszych pokoi rozci\u0105ga si\u0119 malowniczy widok na jezioro i okoliczne lasy. Blisko\u015b\u0107 natury i cicha okolica sprawiaj\u0105, \u017ce nasz kompleks jest miejscem idealnym do harmonijnego odpoczynku dla cia\u0142a i ducha.<\/p>\n\n\n\nngg_shortcode_1_placeholder\n\n\n\n<p><\/p>\n\n\n\n<h2 class=\"wp-block-heading has-medium-font-size\"><strong>Prywatny ogr\u00f3dek<\/strong><\/h2>\n\n\n\n<p>Du\u017ce, ogrodzone prywatne ogr\u00f3dki zapewni\u0105 Pa\u0144stwu komfort oraz prywatno\u015b\u0107. Na terenie ka\u017cdego ogr\u00f3dka znajduje si\u0119 betonowy grill, \u0142awki ogrodowe oraz wygodne le\u017caki.<\/p>\n\n\n\nngg_shortcode_2_placeholder\n\n\n\n<p><\/p>\n\n\n\n<h2 class=\"wp-block-heading has-medium-font-size\"><strong>Informacje o op\u0142atach<\/strong><\/h2>\n\n\n\n<p>U nas pupile s\u0105 mile widziane. Za pobyt zwierzaka pobierana jest op\u0142ata w wysoko\u015bci 25 pln za dob\u0119. Max 150 pln za ca\u0142y pobyt zwierzaka\/\u00f3w.<\/p>\n\n\n\n<p>Do ka\u017cdego pobytu doliczamy kaucj\u0119 zwrotn\u0105 w wysoko\u015bci 500 pln p\u0142atn\u0105 przy zameldowaniu.<\/p>\n\n\n\nngg_shortcode_3_placeholder\n\n\n\n<p><a href=\"https:\/\/www.booking.com\/hotel\/pl\/zalesie-wyjatkowe-domki-nad-jeziorem.pl.html\">Domki nad jeziorem booking.<\/a>  Chcesz zarezerwowa\u0107 domek nad jeziorem na mazurach przez booking? Po lewej link do bezpiecznej rezerwacji. <\/p>\n","protected":false},"excerpt":{"rendered":"<p>Po\u0142o\u017cenie Nasze domki z bala zlokalizowane s\u0105 w wyj\u0105tkowym miejscu, na wzg\u00f3rzu z widokiem na jezioro Orzyc, miejsk\u0105 pla\u017c\u0119 i okoliczne lasy. To miejsce pozwala odnale\u017a\u0107 wewn\u0119trzn\u0105 r\u00f3wnowag\u0119 oraz czerpa\u0107 energi\u0119 p\u0142yn\u0105c\u0105 bezpo\u015brednio z natury. &#8230;<\/p>\n","protected":false},"author":1,"featured_media":0,"parent":0,"menu_order":0,"comment_status":"closed","ping_status":"open","template":"","meta":{"ngg_post_thumbnail":0,"footnotes":""},"class_list":["post-2","page","type-page","status-publish","hentry"],"yoast_head":"<!-- This site is optimized with the Yoast SEO plugin v27.4 - https:\/\/yoast.com\/product\/yoast-seo-wordpress\/ -->\n<title>Rodzinne domki nad jeziorem - Zalesie 7D<\/title>\n<meta name=\"robots\" content=\"index, follow, max-snippet:-1, max-image-preview:large, max-video-preview:-1\" \/>\n<link rel=\"canonical\" href=\"https:\/\/wzalesiu.pl\/index.php\/domki-na-mazurach-nad-jeziorem\/\" \/>\n<meta property=\"og:locale\" content=\"pl_PL\" \/>\n<meta property=\"og:type\" content=\"article\" \/>\n<meta property=\"og:title\" content=\"Rodzinne domki nad jeziorem - Zalesie 7D\" \/>\n<meta property=\"og:description\" content=\"Po\u0142o\u017cenie Nasze domki z bala zlokalizowane s\u0105 w wyj\u0105tkowym miejscu, na wzg\u00f3rzu z widokiem na jezioro Orzyc, miejsk\u0105 pla\u017c\u0119 i okoliczne lasy. To miejsce pozwala odnale\u017a\u0107 wewn\u0119trzn\u0105 r\u00f3wnowag\u0119 oraz czerpa\u0107 energi\u0119 p\u0142yn\u0105c\u0105 bezpo\u015brednio z natury. ...\" \/>\n<meta property=\"og:url\" content=\"https:\/\/wzalesiu.pl\/index.php\/domki-na-mazurach-nad-jeziorem\/\" \/>\n<meta property=\"og:site_name\" content=\"Zalesie 7D\" \/>\n<meta property=\"article:publisher\" content=\"https:\/\/www.facebook.com\/Domkiwzalesiu\/?locale=pl_PL\" \/>\n<meta property=\"article:modified_time\" content=\"2025-01-04T21:12:01+00:00\" \/>\n<meta property=\"og:image\" content=\"https:\/\/wzalesiu.pl\/wp-content\/uploads\/2025\/01\/Fotoram.io-3.jpg.webp\" \/>\n\t<meta property=\"og:image:width\" content=\"1200\" \/>\n\t<meta property=\"og:image:height\" content=\"800\" \/>\n\t<meta property=\"og:image:type\" content=\"image\/webp\" \/>\n<meta name=\"twitter:card\" content=\"summary_large_image\" \/>\n<meta name=\"twitter:label1\" content=\"Szacowany czas czytania\" \/>\n\t<meta name=\"twitter:data1\" content=\"3 minuty\" \/>\n<!-- \/ Yoast SEO plugin. -->","yoast_head_json":{"title":"Rodzinne domki nad jeziorem - Zalesie 7D","robots":{"index":"index","follow":"follow","max-snippet":"max-snippet:-1","max-image-preview":"max-image-preview:large","max-video-preview":"max-video-preview:-1"},"canonical":"https:\/\/wzalesiu.pl\/index.php\/domki-na-mazurach-nad-jeziorem\/","og_locale":"pl_PL","og_type":"article","og_title":"Rodzinne domki nad jeziorem - Zalesie 7D","og_description":"Po\u0142o\u017cenie Nasze domki z bala zlokalizowane s\u0105 w wyj\u0105tkowym miejscu, na wzg\u00f3rzu z widokiem na jezioro Orzyc, miejsk\u0105 pla\u017c\u0119 i okoliczne lasy. To miejsce pozwala odnale\u017a\u0107 wewn\u0119trzn\u0105 r\u00f3wnowag\u0119 oraz czerpa\u0107 energi\u0119 p\u0142yn\u0105c\u0105 bezpo\u015brednio z natury. ...","og_url":"https:\/\/wzalesiu.pl\/index.php\/domki-na-mazurach-nad-jeziorem\/","og_site_name":"Zalesie 7D","article_publisher":"https:\/\/www.facebook.com\/Domkiwzalesiu\/?locale=pl_PL","article_modified_time":"2025-01-04T21:12:01+00:00","og_image":[{"width":1200,"height":800,"url":"https:\/\/wzalesiu.pl\/wp-content\/uploads\/2025\/01\/Fotoram.io-3.jpg.webp","type":"image\/webp"}],"twitter_card":"summary_large_image","twitter_misc":{"Szacowany czas czytania":"3 minuty"},"schema":{"@context":"https:\/\/schema.org","@graph":[{"@type":"WebPage","@id":"https:\/\/wzalesiu.pl\/index.php\/domki-na-mazurach-nad-jeziorem\/","url":"https:\/\/wzalesiu.pl\/index.php\/domki-na-mazurach-nad-jeziorem\/","name":"Rodzinne domki nad jeziorem - Zalesie 7D","isPartOf":{"@id":"https:\/\/wzalesiu.pl\/#website"},"primaryImageOfPage":{"@id":"https:\/\/wzalesiu.pl\/index.php\/domki-na-mazurach-nad-jeziorem\/#primaryimage"},"image":{"@id":"https:\/\/wzalesiu.pl\/index.php\/domki-na-mazurach-nad-jeziorem\/#primaryimage"},"thumbnailUrl":"https:\/\/wzalesiu.pl\/wp-content\/uploads\/2025\/01\/Fotoram.io-3.jpg-1024x683.webp","datePublished":"2019-11-25T20:27:14+00:00","dateModified":"2025-01-04T21:12:01+00:00","breadcrumb":{"@id":"https:\/\/wzalesiu.pl\/index.php\/domki-na-mazurach-nad-jeziorem\/#breadcrumb"},"inLanguage":"pl-PL","potentialAction":[{"@type":"ReadAction","target":["https:\/\/wzalesiu.pl\/index.php\/domki-na-mazurach-nad-jeziorem\/"]}]},{"@type":"ImageObject","inLanguage":"pl-PL","@id":"https:\/\/wzalesiu.pl\/index.php\/domki-na-mazurach-nad-jeziorem\/#primaryimage","url":"https:\/\/wzalesiu.pl\/wp-content\/uploads\/2025\/01\/Fotoram.io-3.jpg.webp","contentUrl":"https:\/\/wzalesiu.pl\/wp-content\/uploads\/2025\/01\/Fotoram.io-3.jpg.webp","width":1200,"height":800},{"@type":"BreadcrumbList","@id":"https:\/\/wzalesiu.pl\/index.php\/domki-na-mazurach-nad-jeziorem\/#breadcrumb","itemListElement":[{"@type":"ListItem","position":1,"name":"Strona g\u0142\u00f3wna","item":"https:\/\/wzalesiu.pl\/"},{"@type":"ListItem","position":2,"name":"Rodzinne domki nad jeziorem"}]},{"@type":"WebSite","@id":"https:\/\/wzalesiu.pl\/#website","url":"https:\/\/wzalesiu.pl\/","name":"Domki nad jeziorem - Zalesie 7D","description":"Domki nad jeziorem z w\u0142asn\u0105 lini\u0105 brzegow\u0105 i jacuzzi","publisher":{"@id":"https:\/\/wzalesiu.pl\/#organization"},"potentialAction":[{"@type":"SearchAction","target":{"@type":"EntryPoint","urlTemplate":"https:\/\/wzalesiu.pl\/?s={search_term_string}"},"query-input":{"@type":"PropertyValueSpecification","valueRequired":true,"valueName":"search_term_string"}}],"inLanguage":"pl-PL"},{"@type":"Organization","@id":"https:\/\/wzalesiu.pl\/#organization","name":"Domki nad Jeziorem - Zalesie 7D","url":"https:\/\/wzalesiu.pl\/","logo":{"@type":"ImageObject","inLanguage":"pl-PL","@id":"https:\/\/wzalesiu.pl\/#\/schema\/logo\/image\/","url":"https:\/\/wzalesiu.pl\/wp-content\/uploads\/2020\/03\/cropped-Logo-wzalesiu_stronka.png","contentUrl":"https:\/\/wzalesiu.pl\/wp-content\/uploads\/2020\/03\/cropped-Logo-wzalesiu_stronka.png","width":161,"height":161,"caption":"Domki nad Jeziorem - Zalesie 7D"},"image":{"@id":"https:\/\/wzalesiu.pl\/#\/schema\/logo\/image\/"},"sameAs":["https:\/\/www.facebook.com\/Domkiwzalesiu\/?locale=pl_PL"]}]}},"_links":{"self":[{"href":"https:\/\/wzalesiu.pl\/index.php\/wp-json\/wp\/v2\/pages\/2","targetHints":{"allow":["GET"]}}],"collection":[{"href":"https:\/\/wzalesiu.pl\/index.php\/wp-json\/wp\/v2\/pages"}],"about":[{"href":"https:\/\/wzalesiu.pl\/index.php\/wp-json\/wp\/v2\/types\/page"}],"author":[{"embeddable":true,"href":"https:\/\/wzalesiu.pl\/index.php\/wp-json\/wp\/v2\/users\/1"}],"replies":[{"embeddable":true,"href":"https:\/\/wzalesiu.pl\/index.php\/wp-json\/wp\/v2\/comments?post=2"}],"version-history":[{"count":52,"href":"https:\/\/wzalesiu.pl\/index.php\/wp-json\/wp\/v2\/pages\/2\/revisions"}],"predecessor-version":[{"id":4843,"href":"https:\/\/wzalesiu.pl\/index.php\/wp-json\/wp\/v2\/pages\/2\/revisions\/4843"}],"wp:attachment":[{"href":"https:\/\/wzalesiu.pl\/index.php\/wp-json\/wp\/v2\/media?parent=2"}],"curies":[{"name":"wp","href":"https:\/\/api.w.org\/{rel}","templated":true}]}}