{"id":1791,"date":"2020-07-01T17:32:35","date_gmt":"2020-07-01T15:32:35","guid":{"rendered":"https:\/\/wzalesiu.pl\/?page_id=1791"},"modified":"2023-02-28T14:06:10","modified_gmt":"2023-02-28T13:06:10","slug":"jesienne-wakacje","status":"publish","type":"page","link":"https:\/\/wzalesiu.pl\/index.php\/jesienne-wakacje\/","title":{"rendered":"Jesienne wakacje"},"content":{"rendered":"\n<figure class=\"wp-block-image size-large is-resized\"><img decoding=\"async\" data-src=\"https:\/\/wzalesiu.pl\/wp-content\/uploads\/2021\/07\/domki-z-gory-1024x429.jpg\" alt=\"\" class=\"wp-image-2211 lazyload\" width=\"649\" height=\"271\" data-srcset=\"https:\/\/wzalesiu.pl\/wp-content\/uploads\/2021\/07\/domki-z-gory-1024x429.jpg 1024w, https:\/\/wzalesiu.pl\/wp-content\/uploads\/2021\/07\/domki-z-gory-300x126.jpg 300w, https:\/\/wzalesiu.pl\/wp-content\/uploads\/2021\/07\/domki-z-gory-768x322.jpg 768w, https:\/\/wzalesiu.pl\/wp-content\/uploads\/2021\/07\/domki-z-gory-1536x643.jpg 1536w, https:\/\/wzalesiu.pl\/wp-content\/uploads\/2021\/07\/domki-z-gory-2048x858.jpg 2048w\" data-sizes=\"(max-width: 649px) 100vw, 649px\" src=\"data:image\/svg+xml;base64,PHN2ZyB3aWR0aD0iMSIgaGVpZ2h0PSIxIiB4bWxucz0iaHR0cDovL3d3dy53My5vcmcvMjAwMC9zdmciPjwvc3ZnPg==\" style=\"--smush-placeholder-width: 649px; --smush-placeholder-aspect-ratio: 649\/271;\" \/><\/figure>\n\n\n\n<p>W tygodniu TANIEJ! Sprawd\u017a dost\u0119pno\u015b\u0107 wolnych termin\u00f3w w <a href=\"https:\/\/wzalesiu.pl\/index.php\/wynajmij-domek-mazury\/\">systemie rezerwacji.<\/a> <br> <br>JESIENNY WYPOCZYNEK:<br>W tygodniu 400z\u0142\/doba\/domek lub w weekendy 875z\u0142\/doba\/domek przy wynajmie min. 4 doby<\/p>\n\n\n\n<p>Na Mazurach czas wolniej p\u0142ynie..<br>Nie my\u015bl o tym co masz zrobi\u0107. Wy\u0142\u0105cz telefon kom\u00f3rkowy, od\u0142\u00f3\u017c komputer i pozw\u00f3l sobie na s\u0142odkie lenistwo. Zaplanuj jesie\u0144 z rodzin\u0105 z filozofi\u0105 slow z widokiem na mazursk\u0105 przyrod\u0119 z bliska. Domki z bali to idealne miejsce dla os\u00f3b szukaj\u0105cych ciszy i mazurskich klimat\u00f3w. We\u017a ze sob\u0105 rodzin\u0119, psa, ulubion\u0105 ksi\u0105\u017ck\u0119, gry planszowe i celebruj \u017cycie oraz smakuj natur\u0119. \u015acie\u017cki idealne na piesze w\u0119dr\u00f3wki. Dost\u0119p do wsp\u00f3lnej pla\u017cy ok. 100 m.<\/p>\n\n\n\n<p>Skorzystaj z naszej Strefy Relaksu. Posiadamy w\u0142asn\u0105 <a href=\"https:\/\/wzalesiu.pl\/index.php\/cennik-atrakcji\/\">BALI\u0118<\/a> z hydromasa\u017cem oraz podwodnym o\u015bwietleniem, max 7 os. oraz <a href=\"https:\/\/wzalesiu.pl\/index.php\/cennik-atrakcji\/\">SAUN\u0118 FI\u0143SK\u0104<\/a>. Oba zlokalizowane s\u0105 przy pla\u017cy z widokiem na jezioro i lasy.<br><br>W ofercie mamy r\u00f3wnie\u017c wypo\u017cyczenie <strong>JACHTU BEZ PATENTU<\/strong> i rejs po jeziorze &#8211; <a href=\"https:\/\/wzalesiu.pl\/index.php\/wypozyczalnia-lodzi-olsztyn-i-barczewo\/\">poznaj szczeg\u00f3\u0142y.<\/a><\/p>\n\n\n\n<p>Domek przeznaczony jest dla 10 os\u00f3b.<\/p>\n\n\n\n<p>NA PARTERZE:<br>&#8211; otwarty salon z aneksem kuchennym, st\u00f3\u0142 i krzes\u0142a dla 8 os\u00f3b, dwuosobowa rozk\u0142adana kanapa<br>&#8211; Sypialnia 1 z widokiem na jezioro &#8211; jedno \u0142\u00f3\u017cko dwuosobowe<br>&#8211; \u0142azienka z prysznicem, umywalk\u0105 i WC<br>&#8211; oddzielne WC z umywalk\u0105<\/p>\n\n\n\n<p>NA PI\u0118TRZE:<br>&#8211; sypialnia 2 z widokiem na jezioro &#8211; jedno \u0142\u00f3\u017cko jednoosobowe i jedno \u0142\u00f3\u017cko dwuosobowe<br>&#8211; sypialnia 3 z widokiem na jezioro &#8211; dwa \u0142\u00f3\u017cka jednoosobowe i dwa \u0142\u00f3\u017cka dwuosobowe<\/p>\n\n\n\n<p>Domek dla Pa\u0144stwa komfortu jest ogrzewany i w pe\u0142ni wyposa\u017cony. Do dyspozycji naszych Go\u015bci jest:<br>&#8211; \u015bwie\u017ca po\u015bciel,<br>&#8211; r\u0119czniki (15pln\/os.),<br>&#8211; zastawa sto\u0142owa,<br>&#8211; zmywarka,<br>&#8211; pralka i suszarka na pranie,<br>&#8211; kosz na pranie,<br>&#8211; lod\u00f3wka z zamra\u017cark\u0105,<br>&#8211; p\u0142yta indukcyjna,<br>&#8211; czajnik,<br>&#8211; zestaw garnk\u00f3w i patelni,<br>&#8211; bramka ochronne zabezpieczaj\u0105ca na schody dla dzieci,<br>&#8211; internet Wi-Fi,<br>&#8211; og\u00f3lnodost\u0119pny bezp\u0142atny i monitorowany parking,<br>&#8211; i z my\u015bl\u0105 o dzieciach drewniany plac zabaw z dwoma domkami, k\u0142adk\u0105, \u015blizgiem, piaskownic\u0105, stolikiem z \u0142aweczkami, link\u0105 i \u015bciank\u0105 do wspinaczki oraz dwiema hu\u015btawkami.<\/p>\n\n\n\n<p>Domek ma sw\u00f3j w\u0142asny prywatny ogr\u00f3dek z dost\u0119pem do paleniska oraz ogrodowego grilla.<\/p>\n\n\n\n<p>Na specjalne \u017cyczenie po wcze\u015bniejszym skonsultowaniu mo\u017cemy:<br>&#8211; wypo\u017cyczy\u0107 kajaki malowniczy sp\u0142yw Pis\u0105, start 100 m od domk\u00f3w na Jeziorze Orzyc, dzika przyroda z bliska<br>&#8211; wypo\u017cyczy\u0107 \u0142\u00f3dk\u0119 z silnikiem elektrycznym lub bez i sprz\u0119t do w\u0119dkowania<br>Je\u015bli masz inne pomys\u0142y zadzwo\u0144 i spytaj, jeste\u015bmy do dyspozycji.<\/p>\n\n\n\n<p>Akceptujemy zwierz\u0119ta (25pln\/szt.\/doba), max 150pln za ca\u0142y pobyt zwierzaka\/\u00f3w<\/p>\n\n\n\n<p>Zach\u0119camy do zapoznania si\u0119 z pozosta\u0142ymi ofertami, posiadamy wi\u0119ksz\u0105 ilo\u015b\u0107 domk\u00f3w. Nasz kompleks czterech domk\u00f3w pomie\u015bci do 40 os\u00f3b.<\/p>\n\n\n\n<p>Wi\u0119cej informacji i zdj\u0119\u0107 na naszej stronie WZALESIU.PL<\/p>\n\n\n\nngg_shortcode_0_placeholder\n\n\n\n<p>ZAPRASZAMY NA RODZINNY JESIENNY WYPOCZYNEK W RYTMIE SLOW \ud83d\ude42<\/p>\n","protected":false},"excerpt":{"rendered":"<p>W tygodniu TANIEJ! Sprawd\u017a dost\u0119pno\u015b\u0107 wolnych termin\u00f3w w systemie rezerwacji. JESIENNY WYPOCZYNEK:W tygodniu 400z\u0142\/doba\/domek lub w weekendy 875z\u0142\/doba\/domek przy wynajmie min. 4 doby Na Mazurach czas wolniej p\u0142ynie..Nie my\u015bl o tym co masz zrobi\u0107. Wy\u0142\u0105cz &#8230;<\/p>\n","protected":false},"author":2,"featured_media":0,"parent":0,"menu_order":0,"comment_status":"closed","ping_status":"closed","template":"","meta":{"ngg_post_thumbnail":0,"footnotes":""},"class_list":["post-1791","page","type-page","status-publish","hentry"],"yoast_head":"<!-- This site is optimized with the Yoast SEO plugin v27.4 - https:\/\/yoast.com\/product\/yoast-seo-wordpress\/ -->\n<title>Jesienne wakacje - Zalesie 7D<\/title>\n<meta name=\"robots\" content=\"index, follow, max-snippet:-1, max-image-preview:large, max-video-preview:-1\" \/>\n<link rel=\"canonical\" href=\"https:\/\/wzalesiu.pl\/index.php\/jesienne-wakacje\/\" \/>\n<meta property=\"og:locale\" content=\"pl_PL\" \/>\n<meta property=\"og:type\" content=\"article\" \/>\n<meta property=\"og:title\" content=\"Jesienne wakacje - Zalesie 7D\" \/>\n<meta property=\"og:description\" content=\"W tygodniu TANIEJ! Sprawd\u017a dost\u0119pno\u015b\u0107 wolnych termin\u00f3w w systemie rezerwacji. JESIENNY WYPOCZYNEK:W tygodniu 400z\u0142\/doba\/domek lub w weekendy 875z\u0142\/doba\/domek przy wynajmie min. 4 doby Na Mazurach czas wolniej p\u0142ynie..Nie my\u015bl o tym co masz zrobi\u0107. Wy\u0142\u0105cz ...\" \/>\n<meta property=\"og:url\" content=\"https:\/\/wzalesiu.pl\/index.php\/jesienne-wakacje\/\" \/>\n<meta property=\"og:site_name\" content=\"Zalesie 7D\" \/>\n<meta property=\"article:publisher\" content=\"https:\/\/www.facebook.com\/Domkiwzalesiu\/?locale=pl_PL\" \/>\n<meta property=\"article:modified_time\" content=\"2023-02-28T13:06:10+00:00\" \/>\n<meta property=\"og:image\" content=\"https:\/\/wzalesiu.pl\/wp-content\/uploads\/2021\/07\/domki-z-gory-1024x429.jpg\" \/>\n<meta name=\"twitter:card\" content=\"summary_large_image\" \/>\n<meta name=\"twitter:label1\" content=\"Szacowany czas czytania\" \/>\n\t<meta name=\"twitter:data1\" content=\"3 minuty\" \/>\n<!-- \/ Yoast SEO plugin. -->","yoast_head_json":{"title":"Jesienne wakacje - Zalesie 7D","robots":{"index":"index","follow":"follow","max-snippet":"max-snippet:-1","max-image-preview":"max-image-preview:large","max-video-preview":"max-video-preview:-1"},"canonical":"https:\/\/wzalesiu.pl\/index.php\/jesienne-wakacje\/","og_locale":"pl_PL","og_type":"article","og_title":"Jesienne wakacje - Zalesie 7D","og_description":"W tygodniu TANIEJ! Sprawd\u017a dost\u0119pno\u015b\u0107 wolnych termin\u00f3w w systemie rezerwacji. JESIENNY WYPOCZYNEK:W tygodniu 400z\u0142\/doba\/domek lub w weekendy 875z\u0142\/doba\/domek przy wynajmie min. 4 doby Na Mazurach czas wolniej p\u0142ynie..Nie my\u015bl o tym co masz zrobi\u0107. Wy\u0142\u0105cz ...","og_url":"https:\/\/wzalesiu.pl\/index.php\/jesienne-wakacje\/","og_site_name":"Zalesie 7D","article_publisher":"https:\/\/www.facebook.com\/Domkiwzalesiu\/?locale=pl_PL","article_modified_time":"2023-02-28T13:06:10+00:00","og_image":[{"url":"https:\/\/wzalesiu.pl\/wp-content\/uploads\/2021\/07\/domki-z-gory-1024x429.jpg","type":"","width":"","height":""}],"twitter_card":"summary_large_image","twitter_misc":{"Szacowany czas czytania":"3 minuty"},"schema":{"@context":"https:\/\/schema.org","@graph":[{"@type":"WebPage","@id":"https:\/\/wzalesiu.pl\/index.php\/jesienne-wakacje\/","url":"https:\/\/wzalesiu.pl\/index.php\/jesienne-wakacje\/","name":"Jesienne wakacje - Zalesie 7D","isPartOf":{"@id":"https:\/\/wzalesiu.pl\/#website"},"primaryImageOfPage":{"@id":"https:\/\/wzalesiu.pl\/index.php\/jesienne-wakacje\/#primaryimage"},"image":{"@id":"https:\/\/wzalesiu.pl\/index.php\/jesienne-wakacje\/#primaryimage"},"thumbnailUrl":"https:\/\/wzalesiu.pl\/wp-content\/uploads\/2021\/07\/domki-z-gory-1024x429.jpg","datePublished":"2020-07-01T15:32:35+00:00","dateModified":"2023-02-28T13:06:10+00:00","breadcrumb":{"@id":"https:\/\/wzalesiu.pl\/index.php\/jesienne-wakacje\/#breadcrumb"},"inLanguage":"pl-PL","potentialAction":[{"@type":"ReadAction","target":["https:\/\/wzalesiu.pl\/index.php\/jesienne-wakacje\/"]}]},{"@type":"ImageObject","inLanguage":"pl-PL","@id":"https:\/\/wzalesiu.pl\/index.php\/jesienne-wakacje\/#primaryimage","url":"https:\/\/wzalesiu.pl\/wp-content\/uploads\/2021\/07\/domki-z-gory-1024x429.jpg","contentUrl":"https:\/\/wzalesiu.pl\/wp-content\/uploads\/2021\/07\/domki-z-gory-1024x429.jpg"},{"@type":"BreadcrumbList","@id":"https:\/\/wzalesiu.pl\/index.php\/jesienne-wakacje\/#breadcrumb","itemListElement":[{"@type":"ListItem","position":1,"name":"Strona g\u0142\u00f3wna","item":"https:\/\/wzalesiu.pl\/"},{"@type":"ListItem","position":2,"name":"Jesienne wakacje"}]},{"@type":"WebSite","@id":"https:\/\/wzalesiu.pl\/#website","url":"https:\/\/wzalesiu.pl\/","name":"Domki nad jeziorem - Zalesie 7D","description":"Domki nad jeziorem z w\u0142asn\u0105 lini\u0105 brzegow\u0105 i jacuzzi","publisher":{"@id":"https:\/\/wzalesiu.pl\/#organization"},"potentialAction":[{"@type":"SearchAction","target":{"@type":"EntryPoint","urlTemplate":"https:\/\/wzalesiu.pl\/?s={search_term_string}"},"query-input":{"@type":"PropertyValueSpecification","valueRequired":true,"valueName":"search_term_string"}}],"inLanguage":"pl-PL"},{"@type":"Organization","@id":"https:\/\/wzalesiu.pl\/#organization","name":"Domki nad Jeziorem - Zalesie 7D","url":"https:\/\/wzalesiu.pl\/","logo":{"@type":"ImageObject","inLanguage":"pl-PL","@id":"https:\/\/wzalesiu.pl\/#\/schema\/logo\/image\/","url":"https:\/\/wzalesiu.pl\/wp-content\/uploads\/2020\/03\/cropped-Logo-wzalesiu_stronka.png","contentUrl":"https:\/\/wzalesiu.pl\/wp-content\/uploads\/2020\/03\/cropped-Logo-wzalesiu_stronka.png","width":161,"height":161,"caption":"Domki nad Jeziorem - Zalesie 7D"},"image":{"@id":"https:\/\/wzalesiu.pl\/#\/schema\/logo\/image\/"},"sameAs":["https:\/\/www.facebook.com\/Domkiwzalesiu\/?locale=pl_PL"]}]}},"_links":{"self":[{"href":"https:\/\/wzalesiu.pl\/index.php\/wp-json\/wp\/v2\/pages\/1791","targetHints":{"allow":["GET"]}}],"collection":[{"href":"https:\/\/wzalesiu.pl\/index.php\/wp-json\/wp\/v2\/pages"}],"about":[{"href":"https:\/\/wzalesiu.pl\/index.php\/wp-json\/wp\/v2\/types\/page"}],"author":[{"embeddable":true,"href":"https:\/\/wzalesiu.pl\/index.php\/wp-json\/wp\/v2\/users\/2"}],"replies":[{"embeddable":true,"href":"https:\/\/wzalesiu.pl\/index.php\/wp-json\/wp\/v2\/comments?post=1791"}],"version-history":[{"count":18,"href":"https:\/\/wzalesiu.pl\/index.php\/wp-json\/wp\/v2\/pages\/1791\/revisions"}],"predecessor-version":[{"id":3599,"href":"https:\/\/wzalesiu.pl\/index.php\/wp-json\/wp\/v2\/pages\/1791\/revisions\/3599"}],"wp:attachment":[{"href":"https:\/\/wzalesiu.pl\/index.php\/wp-json\/wp\/v2\/media?parent=1791"}],"curies":[{"name":"wp","href":"https:\/\/api.w.org\/{rel}","templated":true}]}}